{"id":3611,"date":"2025-10-15T15:24:32","date_gmt":"2025-10-15T13:24:32","guid":{"rendered":"https:\/\/szekacske.hu\/new\/?page_id=3611"},"modified":"2025-10-15T15:59:39","modified_gmt":"2025-10-15T13:59:39","slug":"noi-varmegyei-i-2025-2026","status":"publish","type":"page","link":"https:\/\/szekacske.hu\/new\/csapatok\/noi-varmegyei-i-2025-2026\/","title":{"rendered":"N\u0151i V\u00e1rmegyei I. &#8211; 2025\/2026"},"content":{"rendered":"<div class=\"sportspress\"><h4 class=\"sp-table-caption\">N\u0151i V\u00e1rmegyei I. &#8211; 2025\/2026<\/h4><div class=\"sp-template sp-template-player-list\"><div class=\"sp-table-wrapper\"><table class=\"sp-player-list sp-data-table sp-responsive-table playerlist_69e06ffa4a6f2 sp-paginated-table\" data-sp-rows=\"21\"><thead><tr><th class=\"data-name\">J\u00e1t\u00e9kos<\/th><th class=\"data-goals\">G\u00d3L<\/th><th class=\"data-appearances\">M<\/th><\/tr><\/thead><tbody><tr class=\"odd\"><td class=\"data-name\" data-label=\"J\u00e1t\u00e9kos\"><a href=\"https:\/\/szekacske.hu\/new\/player\/sulye-agota-sara\/\">S\u00fclye \u00c1gota S\u00e1ra<\/a><\/td><td class=\"data-goals\" data-label=\"G\u00d3L\">44<\/td><td class=\"data-appearances\" data-label=\"M\">7<\/td><\/tr><tr class=\"even\"><td class=\"data-name\" data-label=\"J\u00e1t\u00e9kos\"><a href=\"https:\/\/szekacske.hu\/new\/player\/lipak-zsanett\/\">Lip\u00e1k Zsanett<\/a><\/td><td class=\"data-goals\" data-label=\"G\u00d3L\">33<\/td><td class=\"data-appearances\" data-label=\"M\">7<\/td><\/tr><tr class=\"odd\"><td class=\"data-name\" data-label=\"J\u00e1t\u00e9kos\"><a href=\"https:\/\/szekacske.hu\/new\/player\/habok-bianka\/\">Hab\u00f3k Bianka<\/a><\/td><td class=\"data-goals\" data-label=\"G\u00d3L\">32<\/td><td class=\"data-appearances\" data-label=\"M\">7<\/td><\/tr><tr class=\"even\"><td class=\"data-name\" data-label=\"J\u00e1t\u00e9kos\"><a href=\"https:\/\/szekacske.hu\/new\/player\/olah-szaloki-leila\/\">Ol\u00e1h-Szal\u00f3ki Leila<\/a><\/td><td class=\"data-goals\" data-label=\"G\u00d3L\">26<\/td><td class=\"data-appearances\" data-label=\"M\">7<\/td><\/tr><tr class=\"odd\"><td class=\"data-name\" data-label=\"J\u00e1t\u00e9kos\"><a href=\"https:\/\/szekacske.hu\/new\/player\/fuzfa-annamaria\/\">F\u0171zfa Annam\u00e1ria<\/a><\/td><td class=\"data-goals\" data-label=\"G\u00d3L\">12<\/td><td class=\"data-appearances\" data-label=\"M\">7<\/td><\/tr><tr class=\"even\"><td class=\"data-name\" data-label=\"J\u00e1t\u00e9kos\"><a href=\"https:\/\/szekacske.hu\/new\/player\/hajdu-koszta-orsolya\/\">Hajd\u00fa-Koszta Orsolya<\/a><\/td><td class=\"data-goals\" data-label=\"G\u00d3L\">8<\/td><td class=\"data-appearances\" data-label=\"M\">7<\/td><\/tr><tr class=\"odd\"><td class=\"data-name\" data-label=\"J\u00e1t\u00e9kos\"><a href=\"https:\/\/szekacske.hu\/new\/player\/pomazi-erika\/\">Pom\u00e1zi Erika<\/a><\/td><td class=\"data-goals\" data-label=\"G\u00d3L\">4<\/td><td class=\"data-appearances\" data-label=\"M\">7<\/td><\/tr><tr class=\"even\"><td class=\"data-name\" data-label=\"J\u00e1t\u00e9kos\"><a href=\"https:\/\/szekacske.hu\/new\/player\/petri-eniko\/\">Petri Enik\u0151<\/a><\/td><td class=\"data-goals\" data-label=\"G\u00d3L\">3<\/td><td class=\"data-appearances\" data-label=\"M\">7<\/td><\/tr><tr class=\"odd\"><td class=\"data-name\" data-label=\"J\u00e1t\u00e9kos\"><a href=\"https:\/\/szekacske.hu\/new\/player\/erdos-vanda-laura\/\">Erd\u0151s Vanda Laura<\/a><\/td><td class=\"data-goals\" data-label=\"G\u00d3L\">3<\/td><td class=\"data-appearances\" data-label=\"M\">4<\/td><\/tr><tr class=\"even\"><td class=\"data-name\" data-label=\"J\u00e1t\u00e9kos\"><a href=\"https:\/\/szekacske.hu\/new\/player\/simon-dora-georgina\/\">Simon D\u00f3ra Georgina<\/a><\/td><td class=\"data-goals\" data-label=\"G\u00d3L\">2<\/td><td class=\"data-appearances\" data-label=\"M\">5<\/td><\/tr><tr class=\"odd\"><td class=\"data-name\" data-label=\"J\u00e1t\u00e9kos\"><a href=\"https:\/\/szekacske.hu\/new\/player\/horvath-monika\/\">Horv\u00e1th M\u00f3nika<\/a><\/td><td class=\"data-goals\" data-label=\"G\u00d3L\">0<\/td><td class=\"data-appearances\" data-label=\"M\">7<\/td><\/tr><tr class=\"even\"><td class=\"data-name\" data-label=\"J\u00e1t\u00e9kos\"><a href=\"https:\/\/szekacske.hu\/new\/player\/hudune-bata-erika\/\">Hudun\u00e9 Bata Erika<\/a><\/td><td class=\"data-goals\" data-label=\"G\u00d3L\">0<\/td><td class=\"data-appearances\" data-label=\"M\">7<\/td><\/tr><tr class=\"odd\"><td class=\"data-name\" data-label=\"J\u00e1t\u00e9kos\"><a href=\"https:\/\/szekacske.hu\/new\/player\/vata-renata\/\">Vata Ren\u00e1ta<\/a><\/td><td class=\"data-goals\" data-label=\"G\u00d3L\">0<\/td><td class=\"data-appearances\" data-label=\"M\">3<\/td><\/tr><tr class=\"even\"><td class=\"data-name\" data-label=\"J\u00e1t\u00e9kos\"><a href=\"https:\/\/szekacske.hu\/new\/player\/csor-anita\/\">Cs\u00f3r Anita<\/a><\/td><td class=\"data-goals\" data-label=\"G\u00d3L\">0<\/td><td class=\"data-appearances\" data-label=\"M\">5<\/td><\/tr><\/tbody><\/table><\/div><\/div><\/div>\n","protected":false},"excerpt":{"rendered":"","protected":false},"author":3,"featured_media":0,"parent":135,"menu_order":0,"comment_status":"closed","ping_status":"closed","template":"","meta":{"footnotes":""},"class_list":["post-3611","page","type-page","status-publish","hentry"],"yoast_head":"<!-- This site is optimized with the Yoast SEO plugin v27.4 - https:\/\/yoast.com\/product\/yoast-seo-wordpress\/ -->\n<title>N\u0151i V\u00e1rmegyei I. - 2025\/2026 - Sz\u00e9k\u00e1cs KE<\/title>\n<meta name=\"robots\" content=\"index, follow, max-snippet:-1, max-image-preview:large, max-video-preview:-1\" \/>\n<link rel=\"canonical\" href=\"https:\/\/szekacske.hu\/new\/csapatok\/noi-varmegyei-i-2025-2026\/\" \/>\n<meta property=\"og:locale\" content=\"hu_HU\" \/>\n<meta property=\"og:type\" content=\"article\" \/>\n<meta property=\"og:title\" content=\"N\u0151i V\u00e1rmegyei I. - 2025\/2026 - Sz\u00e9k\u00e1cs KE\" \/>\n<meta property=\"og:url\" content=\"https:\/\/szekacske.hu\/new\/csapatok\/noi-varmegyei-i-2025-2026\/\" \/>\n<meta property=\"og:site_name\" content=\"Sz\u00e9k\u00e1cs KE\" \/>\n<meta property=\"article:modified_time\" content=\"2025-10-15T13:59:39+00:00\" \/>\n<meta property=\"og:image\" content=\"https:\/\/szekacske.hu\/new\/wp-content\/uploads\/2019\/09\/cropped-szekacske.png\" \/>\n\t<meta property=\"og:image:width\" content=\"512\" \/>\n\t<meta property=\"og:image:height\" content=\"512\" \/>\n\t<meta property=\"og:image:type\" content=\"image\/png\" \/>\n<meta name=\"twitter:card\" content=\"summary_large_image\" \/>\n<meta name=\"twitter:label1\" content=\"Becs\u00fclt olvas\u00e1si id\u0151\" \/>\n\t<meta name=\"twitter:data1\" content=\"1 perc\" \/>\n<script type=\"application\/ld+json\" class=\"yoast-schema-graph\">{\"@context\":\"https:\\\/\\\/schema.org\",\"@graph\":[{\"@type\":\"WebPage\",\"@id\":\"https:\\\/\\\/szekacske.hu\\\/new\\\/csapatok\\\/noi-varmegyei-i-2025-2026\\\/\",\"url\":\"https:\\\/\\\/szekacske.hu\\\/new\\\/csapatok\\\/noi-varmegyei-i-2025-2026\\\/\",\"name\":\"N\u0151i V\u00e1rmegyei I. - 2025\\\/2026 - Sz\u00e9k\u00e1cs KE\",\"isPartOf\":{\"@id\":\"http:\\\/\\\/szekacske.hu\\\/new\\\/#website\"},\"datePublished\":\"2025-10-15T13:24:32+00:00\",\"dateModified\":\"2025-10-15T13:59:39+00:00\",\"breadcrumb\":{\"@id\":\"https:\\\/\\\/szekacske.hu\\\/new\\\/csapatok\\\/noi-varmegyei-i-2025-2026\\\/#breadcrumb\"},\"inLanguage\":\"hu\",\"potentialAction\":[{\"@type\":\"ReadAction\",\"target\":[\"https:\\\/\\\/szekacske.hu\\\/new\\\/csapatok\\\/noi-varmegyei-i-2025-2026\\\/\"]}]},{\"@type\":\"BreadcrumbList\",\"@id\":\"https:\\\/\\\/szekacske.hu\\\/new\\\/csapatok\\\/noi-varmegyei-i-2025-2026\\\/#breadcrumb\",\"itemListElement\":[{\"@type\":\"ListItem\",\"position\":1,\"name\":\"Kezd\u0151lap\",\"item\":\"http:\\\/\\\/szekacske.hu\\\/new\\\/\"},{\"@type\":\"ListItem\",\"position\":2,\"name\":\"Csapatok\",\"item\":\"https:\\\/\\\/szekacske.hu\\\/new\\\/csapatok\\\/\"},{\"@type\":\"ListItem\",\"position\":3,\"name\":\"N\u0151i V\u00e1rmegyei I. &#8211; 2025\\\/2026\"}]},{\"@type\":\"WebSite\",\"@id\":\"http:\\\/\\\/szekacske.hu\\\/new\\\/#website\",\"url\":\"http:\\\/\\\/szekacske.hu\\\/new\\\/\",\"name\":\"Sz\u00e9k\u00e1cs KE\",\"description\":\"T\u00f6r\u00f6kszentmikl\u00f3si Sz\u00e9k\u00e1cs KE hivatalos honlapja\",\"potentialAction\":[{\"@type\":\"SearchAction\",\"target\":{\"@type\":\"EntryPoint\",\"urlTemplate\":\"http:\\\/\\\/szekacske.hu\\\/new\\\/?s={search_term_string}\"},\"query-input\":{\"@type\":\"PropertyValueSpecification\",\"valueRequired\":true,\"valueName\":\"search_term_string\"}}],\"inLanguage\":\"hu\"}]}<\/script>\n<!-- \/ Yoast SEO plugin. -->","yoast_head_json":{"title":"N\u0151i V\u00e1rmegyei I. - 2025\/2026 - Sz\u00e9k\u00e1cs KE","robots":{"index":"index","follow":"follow","max-snippet":"max-snippet:-1","max-image-preview":"max-image-preview:large","max-video-preview":"max-video-preview:-1"},"canonical":"https:\/\/szekacske.hu\/new\/csapatok\/noi-varmegyei-i-2025-2026\/","og_locale":"hu_HU","og_type":"article","og_title":"N\u0151i V\u00e1rmegyei I. - 2025\/2026 - Sz\u00e9k\u00e1cs KE","og_url":"https:\/\/szekacske.hu\/new\/csapatok\/noi-varmegyei-i-2025-2026\/","og_site_name":"Sz\u00e9k\u00e1cs KE","article_modified_time":"2025-10-15T13:59:39+00:00","og_image":[{"width":512,"height":512,"url":"https:\/\/szekacske.hu\/new\/wp-content\/uploads\/2019\/09\/cropped-szekacske.png","type":"image\/png"}],"twitter_card":"summary_large_image","twitter_misc":{"Becs\u00fclt olvas\u00e1si id\u0151":"1 perc"},"schema":{"@context":"https:\/\/schema.org","@graph":[{"@type":"WebPage","@id":"https:\/\/szekacske.hu\/new\/csapatok\/noi-varmegyei-i-2025-2026\/","url":"https:\/\/szekacske.hu\/new\/csapatok\/noi-varmegyei-i-2025-2026\/","name":"N\u0151i V\u00e1rmegyei I. - 2025\/2026 - Sz\u00e9k\u00e1cs KE","isPartOf":{"@id":"http:\/\/szekacske.hu\/new\/#website"},"datePublished":"2025-10-15T13:24:32+00:00","dateModified":"2025-10-15T13:59:39+00:00","breadcrumb":{"@id":"https:\/\/szekacske.hu\/new\/csapatok\/noi-varmegyei-i-2025-2026\/#breadcrumb"},"inLanguage":"hu","potentialAction":[{"@type":"ReadAction","target":["https:\/\/szekacske.hu\/new\/csapatok\/noi-varmegyei-i-2025-2026\/"]}]},{"@type":"BreadcrumbList","@id":"https:\/\/szekacske.hu\/new\/csapatok\/noi-varmegyei-i-2025-2026\/#breadcrumb","itemListElement":[{"@type":"ListItem","position":1,"name":"Kezd\u0151lap","item":"http:\/\/szekacske.hu\/new\/"},{"@type":"ListItem","position":2,"name":"Csapatok","item":"https:\/\/szekacske.hu\/new\/csapatok\/"},{"@type":"ListItem","position":3,"name":"N\u0151i V\u00e1rmegyei I. &#8211; 2025\/2026"}]},{"@type":"WebSite","@id":"http:\/\/szekacske.hu\/new\/#website","url":"http:\/\/szekacske.hu\/new\/","name":"Sz\u00e9k\u00e1cs KE","description":"T\u00f6r\u00f6kszentmikl\u00f3si Sz\u00e9k\u00e1cs KE hivatalos honlapja","potentialAction":[{"@type":"SearchAction","target":{"@type":"EntryPoint","urlTemplate":"http:\/\/szekacske.hu\/new\/?s={search_term_string}"},"query-input":{"@type":"PropertyValueSpecification","valueRequired":true,"valueName":"search_term_string"}}],"inLanguage":"hu"}]}},"_links":{"self":[{"href":"https:\/\/szekacske.hu\/new\/wp-json\/wp\/v2\/pages\/3611","targetHints":{"allow":["GET"]}}],"collection":[{"href":"https:\/\/szekacske.hu\/new\/wp-json\/wp\/v2\/pages"}],"about":[{"href":"https:\/\/szekacske.hu\/new\/wp-json\/wp\/v2\/types\/page"}],"author":[{"embeddable":true,"href":"https:\/\/szekacske.hu\/new\/wp-json\/wp\/v2\/users\/3"}],"replies":[{"embeddable":true,"href":"https:\/\/szekacske.hu\/new\/wp-json\/wp\/v2\/comments?post=3611"}],"version-history":[{"count":4,"href":"https:\/\/szekacske.hu\/new\/wp-json\/wp\/v2\/pages\/3611\/revisions"}],"predecessor-version":[{"id":3618,"href":"https:\/\/szekacske.hu\/new\/wp-json\/wp\/v2\/pages\/3611\/revisions\/3618"}],"up":[{"embeddable":true,"href":"https:\/\/szekacske.hu\/new\/wp-json\/wp\/v2\/pages\/135"}],"wp:attachment":[{"href":"https:\/\/szekacske.hu\/new\/wp-json\/wp\/v2\/media?parent=3611"}],"curies":[{"name":"wp","href":"https:\/\/api.w.org\/{rel}","templated":true}]}}