{"id":324,"date":"2021-11-19T16:35:51","date_gmt":"2021-11-19T15:35:51","guid":{"rendered":"http:\/\/szekacske.hu\/new\/?page_id=324"},"modified":"2025-05-23T09:32:06","modified_gmt":"2025-05-23T07:32:06","slug":"tao","status":"publish","type":"page","link":"https:\/\/szekacske.hu\/new\/tao\/","title":{"rendered":"TAO"},"content":{"rendered":"<p><a href=\"http:\/\/szekacske.hu\/new\/wp-content\/uploads\/2021\/11\/Hatarozat_2016-2017_tao_1.pdf\" target=\"_blank\" rel=\"noopener\">J\u00f3v\u00e1hagy\u00f3 hat\u00e1rozat 2016\/2017<\/a><\/p>\n<p><a href=\"http:\/\/szekacske.hu\/new\/wp-content\/uploads\/2021\/11\/Hatarozat_2017-2018.pdf\" target=\"_blank\" rel=\"noopener\">J\u00f3v\u00e1hagy\u00f3 hat\u00e1rozat 2017\/2018<\/a><\/p>\n<p><a href=\"http:\/\/szekacske.hu\/new\/wp-content\/uploads\/2021\/11\/Koltsegvetes_2018-2019.pdf\" target=\"_blank\" rel=\"noopener\">K\u00f6lts\u00e9gvet\u00e9s 2018\/2019<\/a><\/p>\n<p><a href=\"http:\/\/szekacske.hu\/new\/wp-content\/uploads\/2021\/11\/Hatarozat_2018-2019.pdf\" target=\"_blank\" rel=\"noopener\">J\u00f3v\u00e1hagy\u00f3 hat\u00e1rozat 2018\/2019<\/a><\/p>\n<p><a href=\"http:\/\/szekacske.hu\/new\/wp-content\/uploads\/2021\/11\/Sportfejlesztesi_program_2019-2020.pdf\" target=\"_blank\" rel=\"noopener\">Sportfejleszt\u00e9si program 2019\/2020<\/a><\/p>\n<p><a href=\"http:\/\/szekacske.hu\/new\/wp-content\/uploads\/2021\/11\/Hatarozat_2019-2020.pdf\" target=\"_blank\" rel=\"noopener\">J\u00f3v\u00e1hagy\u00f3 hat\u00e1rozat 2019\/2020<\/a><\/p>\n<p><a href=\"http:\/\/szekacske.hu\/new\/wp-content\/uploads\/2021\/11\/Sportfejlesztesi_program_2020-2021.pdf\" target=\"_blank\" rel=\"noopener\">Sportfejleszt\u00e9si program 2020\/2021<\/a><\/p>\n<p><a href=\"http:\/\/szekacske.hu\/new\/wp-content\/uploads\/2021\/11\/Hatarozat_2020.2021.pdf\" target=\"_blank\" rel=\"noopener\">J\u00f3v\u00e1hagy\u00f3 hat\u00e1rozat 2020\/2021<\/a><\/p>\n<p><a href=\"http:\/\/szekacske.hu\/new\/wp-content\/uploads\/2021\/11\/Sportfejlesztesi_program_2021-2022.pdf\">Sportfejleszt\u00e9si program 2021\/2022<\/a><\/p>\n<p><a href=\"http:\/\/szekacske.hu\/new\/wp-content\/uploads\/2021\/11\/Hatarozat_2021-2022.pdf\" target=\"_blank\" rel=\"noopener\">J\u00f3v\u00e1hagy\u00f3 hat\u00e1rozat 2021\/2022<\/a><\/p>\n<p><a href=\"http:\/\/szekacske.hu\/new\/wp-content\/uploads\/2022\/05\/SFP-2022-2023-jovahagyott.pdf\" target=\"_blank\" rel=\"noopener\">Sportfejleszt\u00e9si program 2022\/2023<\/a><\/p>\n<p><a href=\"http:\/\/szekacske.hu\/new\/wp-content\/uploads\/2022\/05\/Hatarozat-2022-2023.pdf\" target=\"_blank\" rel=\"noopener\">J\u00f3v\u00e1hagy\u00f3 hat\u00e1rozat 2022\/2023<\/a><\/p>\n<p><a href=\"https:\/\/szekacske.hu\/new\/wp-content\/uploads\/2023\/04\/SFP-jovahagyott-1.pdf\" target=\"_blank\" rel=\"noopener\">Sportfejleszt\u00e9si program 2023\/20234<\/a><\/p>\n<p><a href=\"https:\/\/szekacske.hu\/new\/wp-content\/uploads\/2023\/04\/Hatarozat-2023-2024.pdf\" target=\"_blank\" rel=\"noopener\">J\u00f3v\u00e1hagy\u00f3 hat\u00e1rozat 2023\/2024<\/a><\/p>\n<p><a href=\"http:\/\/szekacske.hu\/new\/wp-content\/uploads\/2024\/05\/SFP-2024-2025-.pdf\" target=\"_blank\" rel=\"noopener\">Sportfejleszt\u00e9si program 2024\/2025<\/a><\/p>\n<p><a href=\"http:\/\/szekacske.hu\/new\/wp-content\/uploads\/2024\/05\/Hatarozat-2024-2025.pdf\" target=\"_blank\" rel=\"noopener\">J\u00f3v\u00e1hagy\u00f3 hat\u00e1rozat 2024\/2025<\/a><\/p>\n<p><a href=\"http:\/\/szekacske.hu\/new\/wp-content\/uploads\/2025\/05\/Szekacs-SFP-2025.pdf\" target=\"_blank\" rel=\"noopener\">Sportfejleszt\u00e9si program 2025\/2026<\/a><\/p>\n<p><a href=\"http:\/\/szekacske.hu\/new\/wp-content\/uploads\/2025\/05\/Hatarozat-2025-2026.pdf\" target=\"_blank\" rel=\"noopener\">J\u00f3v\u00e1hagy\u00f3 hat\u00e1rozat 2025\/2026<\/a><\/p>\n","protected":false},"excerpt":{"rendered":"<p>J\u00f3v\u00e1hagy\u00f3 hat\u00e1rozat 2016\/2017 J\u00f3v\u00e1hagy\u00f3 hat\u00e1rozat 2017\/2018 K\u00f6lts\u00e9gvet\u00e9s 2018\/2019 J\u00f3v\u00e1hagy\u00f3 hat\u00e1rozat 2018\/2019 Sportfejleszt\u00e9si program 2019\/2020 J\u00f3v\u00e1hagy\u00f3 hat\u00e1rozat 2019\/2020 Sportfejleszt\u00e9si program 2020\/2021 J\u00f3v\u00e1hagy\u00f3 hat\u00e1rozat 2020\/2021 Sportfejleszt\u00e9si program 2021\/2022 J\u00f3v\u00e1hagy\u00f3 hat\u00e1rozat 2021\/2022 Sportfejleszt\u00e9si program 2022\/2023 J\u00f3v\u00e1hagy\u00f3 hat\u00e1rozat 2022\/2023 Sportfejleszt\u00e9si program 2023\/20234 J\u00f3v\u00e1hagy\u00f3 hat\u00e1rozat 2023\/2024 Sportfejleszt\u00e9si program 2024\/2025 J\u00f3v\u00e1hagy\u00f3 hat\u00e1rozat 2024\/2025 Sportfejleszt\u00e9si program 2025\/2026 J\u00f3v\u00e1hagy\u00f3 hat\u00e1rozat 2025\/2026<\/p>\n","protected":false},"author":3,"featured_media":0,"parent":0,"menu_order":0,"comment_status":"closed","ping_status":"closed","template":"","meta":{"footnotes":""},"class_list":["post-324","page","type-page","status-publish","hentry"],"yoast_head":"<!-- This site is optimized with the Yoast SEO plugin v27.4 - https:\/\/yoast.com\/product\/yoast-seo-wordpress\/ -->\n<title>TAO - Sz\u00e9k\u00e1cs KE<\/title>\n<meta name=\"robots\" content=\"index, follow, max-snippet:-1, max-image-preview:large, max-video-preview:-1\" \/>\n<link rel=\"canonical\" href=\"https:\/\/szekacske.hu\/new\/tao\/\" \/>\n<meta property=\"og:locale\" content=\"hu_HU\" \/>\n<meta property=\"og:type\" content=\"article\" \/>\n<meta property=\"og:title\" content=\"TAO - Sz\u00e9k\u00e1cs KE\" \/>\n<meta property=\"og:description\" content=\"J\u00f3v\u00e1hagy\u00f3 hat\u00e1rozat 2016\/2017 J\u00f3v\u00e1hagy\u00f3 hat\u00e1rozat 2017\/2018 K\u00f6lts\u00e9gvet\u00e9s 2018\/2019 J\u00f3v\u00e1hagy\u00f3 hat\u00e1rozat 2018\/2019 Sportfejleszt\u00e9si program 2019\/2020 J\u00f3v\u00e1hagy\u00f3 hat\u00e1rozat 2019\/2020 Sportfejleszt\u00e9si program 2020\/2021 J\u00f3v\u00e1hagy\u00f3 hat\u00e1rozat 2020\/2021 Sportfejleszt\u00e9si program 2021\/2022 J\u00f3v\u00e1hagy\u00f3 hat\u00e1rozat 2021\/2022 Sportfejleszt\u00e9si program 2022\/2023 J\u00f3v\u00e1hagy\u00f3 hat\u00e1rozat 2022\/2023 Sportfejleszt\u00e9si program 2023\/20234 J\u00f3v\u00e1hagy\u00f3 hat\u00e1rozat 2023\/2024 Sportfejleszt\u00e9si program 2024\/2025 J\u00f3v\u00e1hagy\u00f3 hat\u00e1rozat 2024\/2025 Sportfejleszt\u00e9si program 2025\/2026 J\u00f3v\u00e1hagy\u00f3 hat\u00e1rozat 2025\/2026\" \/>\n<meta property=\"og:url\" content=\"https:\/\/szekacske.hu\/new\/tao\/\" \/>\n<meta property=\"og:site_name\" content=\"Sz\u00e9k\u00e1cs KE\" \/>\n<meta property=\"article:modified_time\" content=\"2025-05-23T07:32:06+00:00\" \/>\n<meta property=\"og:image\" content=\"https:\/\/szekacske.hu\/new\/wp-content\/uploads\/2019\/09\/cropped-szekacske.png\" \/>\n\t<meta property=\"og:image:width\" content=\"512\" \/>\n\t<meta property=\"og:image:height\" content=\"512\" \/>\n\t<meta property=\"og:image:type\" content=\"image\/png\" \/>\n<meta name=\"twitter:card\" content=\"summary_large_image\" \/>\n<meta name=\"twitter:label1\" content=\"Becs\u00fclt olvas\u00e1si id\u0151\" \/>\n\t<meta name=\"twitter:data1\" content=\"1 perc\" \/>\n<script type=\"application\/ld+json\" class=\"yoast-schema-graph\">{\"@context\":\"https:\\\/\\\/schema.org\",\"@graph\":[{\"@type\":\"WebPage\",\"@id\":\"https:\\\/\\\/szekacske.hu\\\/new\\\/tao\\\/\",\"url\":\"https:\\\/\\\/szekacske.hu\\\/new\\\/tao\\\/\",\"name\":\"TAO - Sz\u00e9k\u00e1cs KE\",\"isPartOf\":{\"@id\":\"http:\\\/\\\/szekacske.hu\\\/new\\\/#website\"},\"datePublished\":\"2021-11-19T15:35:51+00:00\",\"dateModified\":\"2025-05-23T07:32:06+00:00\",\"breadcrumb\":{\"@id\":\"https:\\\/\\\/szekacske.hu\\\/new\\\/tao\\\/#breadcrumb\"},\"inLanguage\":\"hu\",\"potentialAction\":[{\"@type\":\"ReadAction\",\"target\":[\"https:\\\/\\\/szekacske.hu\\\/new\\\/tao\\\/\"]}]},{\"@type\":\"BreadcrumbList\",\"@id\":\"https:\\\/\\\/szekacske.hu\\\/new\\\/tao\\\/#breadcrumb\",\"itemListElement\":[{\"@type\":\"ListItem\",\"position\":1,\"name\":\"Kezd\u0151lap\",\"item\":\"http:\\\/\\\/szekacske.hu\\\/new\\\/\"},{\"@type\":\"ListItem\",\"position\":2,\"name\":\"TAO\"}]},{\"@type\":\"WebSite\",\"@id\":\"http:\\\/\\\/szekacske.hu\\\/new\\\/#website\",\"url\":\"http:\\\/\\\/szekacske.hu\\\/new\\\/\",\"name\":\"Sz\u00e9k\u00e1cs KE\",\"description\":\"T\u00f6r\u00f6kszentmikl\u00f3si Sz\u00e9k\u00e1cs KE hivatalos honlapja\",\"potentialAction\":[{\"@type\":\"SearchAction\",\"target\":{\"@type\":\"EntryPoint\",\"urlTemplate\":\"http:\\\/\\\/szekacske.hu\\\/new\\\/?s={search_term_string}\"},\"query-input\":{\"@type\":\"PropertyValueSpecification\",\"valueRequired\":true,\"valueName\":\"search_term_string\"}}],\"inLanguage\":\"hu\"}]}<\/script>\n<!-- \/ Yoast SEO plugin. -->","yoast_head_json":{"title":"TAO - Sz\u00e9k\u00e1cs KE","robots":{"index":"index","follow":"follow","max-snippet":"max-snippet:-1","max-image-preview":"max-image-preview:large","max-video-preview":"max-video-preview:-1"},"canonical":"https:\/\/szekacske.hu\/new\/tao\/","og_locale":"hu_HU","og_type":"article","og_title":"TAO - Sz\u00e9k\u00e1cs KE","og_description":"J\u00f3v\u00e1hagy\u00f3 hat\u00e1rozat 2016\/2017 J\u00f3v\u00e1hagy\u00f3 hat\u00e1rozat 2017\/2018 K\u00f6lts\u00e9gvet\u00e9s 2018\/2019 J\u00f3v\u00e1hagy\u00f3 hat\u00e1rozat 2018\/2019 Sportfejleszt\u00e9si program 2019\/2020 J\u00f3v\u00e1hagy\u00f3 hat\u00e1rozat 2019\/2020 Sportfejleszt\u00e9si program 2020\/2021 J\u00f3v\u00e1hagy\u00f3 hat\u00e1rozat 2020\/2021 Sportfejleszt\u00e9si program 2021\/2022 J\u00f3v\u00e1hagy\u00f3 hat\u00e1rozat 2021\/2022 Sportfejleszt\u00e9si program 2022\/2023 J\u00f3v\u00e1hagy\u00f3 hat\u00e1rozat 2022\/2023 Sportfejleszt\u00e9si program 2023\/20234 J\u00f3v\u00e1hagy\u00f3 hat\u00e1rozat 2023\/2024 Sportfejleszt\u00e9si program 2024\/2025 J\u00f3v\u00e1hagy\u00f3 hat\u00e1rozat 2024\/2025 Sportfejleszt\u00e9si program 2025\/2026 J\u00f3v\u00e1hagy\u00f3 hat\u00e1rozat 2025\/2026","og_url":"https:\/\/szekacske.hu\/new\/tao\/","og_site_name":"Sz\u00e9k\u00e1cs KE","article_modified_time":"2025-05-23T07:32:06+00:00","og_image":[{"width":512,"height":512,"url":"https:\/\/szekacske.hu\/new\/wp-content\/uploads\/2019\/09\/cropped-szekacske.png","type":"image\/png"}],"twitter_card":"summary_large_image","twitter_misc":{"Becs\u00fclt olvas\u00e1si id\u0151":"1 perc"},"schema":{"@context":"https:\/\/schema.org","@graph":[{"@type":"WebPage","@id":"https:\/\/szekacske.hu\/new\/tao\/","url":"https:\/\/szekacske.hu\/new\/tao\/","name":"TAO - Sz\u00e9k\u00e1cs KE","isPartOf":{"@id":"http:\/\/szekacske.hu\/new\/#website"},"datePublished":"2021-11-19T15:35:51+00:00","dateModified":"2025-05-23T07:32:06+00:00","breadcrumb":{"@id":"https:\/\/szekacske.hu\/new\/tao\/#breadcrumb"},"inLanguage":"hu","potentialAction":[{"@type":"ReadAction","target":["https:\/\/szekacske.hu\/new\/tao\/"]}]},{"@type":"BreadcrumbList","@id":"https:\/\/szekacske.hu\/new\/tao\/#breadcrumb","itemListElement":[{"@type":"ListItem","position":1,"name":"Kezd\u0151lap","item":"http:\/\/szekacske.hu\/new\/"},{"@type":"ListItem","position":2,"name":"TAO"}]},{"@type":"WebSite","@id":"http:\/\/szekacske.hu\/new\/#website","url":"http:\/\/szekacske.hu\/new\/","name":"Sz\u00e9k\u00e1cs KE","description":"T\u00f6r\u00f6kszentmikl\u00f3si Sz\u00e9k\u00e1cs KE hivatalos honlapja","potentialAction":[{"@type":"SearchAction","target":{"@type":"EntryPoint","urlTemplate":"http:\/\/szekacske.hu\/new\/?s={search_term_string}"},"query-input":{"@type":"PropertyValueSpecification","valueRequired":true,"valueName":"search_term_string"}}],"inLanguage":"hu"}]}},"_links":{"self":[{"href":"https:\/\/szekacske.hu\/new\/wp-json\/wp\/v2\/pages\/324","targetHints":{"allow":["GET"]}}],"collection":[{"href":"https:\/\/szekacske.hu\/new\/wp-json\/wp\/v2\/pages"}],"about":[{"href":"https:\/\/szekacske.hu\/new\/wp-json\/wp\/v2\/types\/page"}],"author":[{"embeddable":true,"href":"https:\/\/szekacske.hu\/new\/wp-json\/wp\/v2\/users\/3"}],"replies":[{"embeddable":true,"href":"https:\/\/szekacske.hu\/new\/wp-json\/wp\/v2\/comments?post=324"}],"version-history":[{"count":10,"href":"https:\/\/szekacske.hu\/new\/wp-json\/wp\/v2\/pages\/324\/revisions"}],"predecessor-version":[{"id":3451,"href":"https:\/\/szekacske.hu\/new\/wp-json\/wp\/v2\/pages\/324\/revisions\/3451"}],"wp:attachment":[{"href":"https:\/\/szekacske.hu\/new\/wp-json\/wp\/v2\/media?parent=324"}],"curies":[{"name":"wp","href":"https:\/\/api.w.org\/{rel}","templated":true}]}}