{"id":2942,"date":"2024-10-25T10:20:24","date_gmt":"2024-10-25T08:20:24","guid":{"rendered":"https:\/\/szekacske.hu\/new\/?page_id=2942"},"modified":"2024-10-25T10:26:34","modified_gmt":"2024-10-25T08:26:34","slug":"fiu-u20-2024-2025","status":"publish","type":"page","link":"https:\/\/szekacske.hu\/new\/csapatok\/fiu-u20-2024-2025\/","title":{"rendered":"Fi\u00fa U20 &#8211; 2024\/2025"},"content":{"rendered":"<div class=\"sportspress\"><h4 class=\"sp-table-caption\">Fi\u00fa U20 - 2024\/2025<\/h4><div class=\"sp-template sp-template-player-list\"><div class=\"sp-table-wrapper\"><table class=\"sp-player-list sp-data-table sp-responsive-table playerlist_69e266614e04f sp-paginated-table\" data-sp-rows=\"21\"><thead><tr><th class=\"data-name\">J\u00e1t\u00e9kos<\/th><th class=\"data-goals\">G\u00d3L<\/th><th class=\"data-appearances\">M<\/th><\/tr><\/thead><tbody><tr class=\"odd\"><td class=\"data-name\" data-label=\"J\u00e1t\u00e9kos\"><a href=\"https:\/\/szekacske.hu\/new\/player\/bekker-gergo\/\">Bekker Gerg\u0151<\/a><\/td><td class=\"data-goals\" data-label=\"G\u00d3L\">4<\/td><td class=\"data-appearances\" data-label=\"M\">11<\/td><\/tr><tr class=\"even\"><td class=\"data-name\" data-label=\"J\u00e1t\u00e9kos\"><a href=\"https:\/\/szekacske.hu\/new\/player\/bognar-attila\/\">Bogn\u00e1r Attila<\/a><\/td><td class=\"data-goals\" data-label=\"G\u00d3L\">0<\/td><td class=\"data-appearances\" data-label=\"M\">1<\/td><\/tr><tr class=\"odd\"><td class=\"data-name\" data-label=\"J\u00e1t\u00e9kos\"><a href=\"https:\/\/szekacske.hu\/new\/player\/hudu-mate\/\">Hudu M\u00e1t\u00e9<\/a><\/td><td class=\"data-goals\" data-label=\"G\u00d3L\">27<\/td><td class=\"data-appearances\" data-label=\"M\">16<\/td><\/tr><tr class=\"even\"><td class=\"data-name\" data-label=\"J\u00e1t\u00e9kos\"><a href=\"https:\/\/szekacske.hu\/new\/player\/juhasz-patrik-valentin\/\">Juh\u00e1sz Patrik Valentin<\/a><\/td><td class=\"data-goals\" data-label=\"G\u00d3L\">113<\/td><td class=\"data-appearances\" data-label=\"M\">8<\/td><\/tr><tr class=\"odd\"><td class=\"data-name\" data-label=\"J\u00e1t\u00e9kos\"><a href=\"https:\/\/szekacske.hu\/new\/player\/kiss-istvan-daniel\/\">Kiss Istv\u00e1n D\u00e1niel<\/a><\/td><td class=\"data-goals\" data-label=\"G\u00d3L\">0<\/td><td class=\"data-appearances\" data-label=\"M\">2<\/td><\/tr><tr class=\"even\"><td class=\"data-name\" data-label=\"J\u00e1t\u00e9kos\"><a href=\"https:\/\/szekacske.hu\/new\/player\/kovacs-laszlo\/\">Kov\u00e1cs L\u00e1szl\u00f3<\/a><\/td><td class=\"data-goals\" data-label=\"G\u00d3L\">15<\/td><td class=\"data-appearances\" data-label=\"M\">16<\/td><\/tr><tr class=\"odd\"><td class=\"data-name\" data-label=\"J\u00e1t\u00e9kos\"><a href=\"https:\/\/szekacske.hu\/new\/player\/mendler-zsombor\/\">Mendler Zsombor<\/a><\/td><td class=\"data-goals\" data-label=\"G\u00d3L\">0<\/td><td class=\"data-appearances\" data-label=\"M\">14<\/td><\/tr><tr class=\"even\"><td class=\"data-name\" data-label=\"J\u00e1t\u00e9kos\"><a href=\"https:\/\/szekacske.hu\/new\/player\/monoki-karoly\/\">Monoki K\u00e1roly<\/a><\/td><td class=\"data-goals\" data-label=\"G\u00d3L\">70<\/td><td class=\"data-appearances\" data-label=\"M\">13<\/td><\/tr><tr class=\"odd\"><td class=\"data-name\" data-label=\"J\u00e1t\u00e9kos\"><a href=\"https:\/\/szekacske.hu\/new\/player\/muranyi-laszlo\/\">Mur\u00e1nyi L\u00e1szl\u00f3<\/a><\/td><td class=\"data-goals\" data-label=\"G\u00d3L\">35<\/td><td class=\"data-appearances\" data-label=\"M\">12<\/td><\/tr><tr class=\"even\"><td class=\"data-name\" data-label=\"J\u00e1t\u00e9kos\"><a href=\"https:\/\/szekacske.hu\/new\/player\/more-daniel\/\">M\u00f3r\u00e9 D\u00e1niel<\/a><\/td><td class=\"data-goals\" data-label=\"G\u00d3L\">19<\/td><td class=\"data-appearances\" data-label=\"M\">14<\/td><\/tr><tr class=\"odd\"><td class=\"data-name\" data-label=\"J\u00e1t\u00e9kos\"><a href=\"https:\/\/szekacske.hu\/new\/player\/novak-peter\/\">Nov\u00e1k P\u00e9ter<\/a><\/td><td class=\"data-goals\" data-label=\"G\u00d3L\">4<\/td><td class=\"data-appearances\" data-label=\"M\">11<\/td><\/tr><tr class=\"even\"><td class=\"data-name\" data-label=\"J\u00e1t\u00e9kos\"><a href=\"https:\/\/szekacske.hu\/new\/player\/schmidt-laszlo-zsolt\/\">Schmidt L\u00e1szl\u00f3 Zsolt<\/a><\/td><td class=\"data-goals\" data-label=\"G\u00d3L\">0<\/td><td class=\"data-appearances\" data-label=\"M\">13<\/td><\/tr><tr class=\"odd\"><td class=\"data-name\" data-label=\"J\u00e1t\u00e9kos\"><a href=\"https:\/\/szekacske.hu\/new\/player\/sinka-lajos-peter\/\">Sinka Lajos P\u00e9ter<\/a><\/td><td class=\"data-goals\" data-label=\"G\u00d3L\">0<\/td><td class=\"data-appearances\" data-label=\"M\">16<\/td><\/tr><tr class=\"even\"><td class=\"data-name\" data-label=\"J\u00e1t\u00e9kos\"><a href=\"https:\/\/szekacske.hu\/new\/player\/szikszay-nandor\/\">Szikszay N\u00e1ndor<\/a><\/td><td class=\"data-goals\" data-label=\"G\u00d3L\">106<\/td><td class=\"data-appearances\" data-label=\"M\">14<\/td><\/tr><tr class=\"odd\"><td class=\"data-name\" data-label=\"J\u00e1t\u00e9kos\"><a href=\"https:\/\/szekacske.hu\/new\/player\/vincze-balazs-karoly\/\">Vincze Bal\u00e1zs K\u00e1roly<\/a><\/td><td class=\"data-goals\" data-label=\"G\u00d3L\">126<\/td><td class=\"data-appearances\" data-label=\"M\">16<\/td><\/tr><tr class=\"even\"><td class=\"data-name\" data-label=\"J\u00e1t\u00e9kos\"><a href=\"https:\/\/szekacske.hu\/new\/player\/zombor-botond\/\">Zombor Botond<\/a><\/td><td class=\"data-goals\" data-label=\"G\u00d3L\">2<\/td><td class=\"data-appearances\" data-label=\"M\">1<\/td><\/tr><\/tbody><\/table><\/div><\/div><\/div>\n","protected":false},"excerpt":{"rendered":"","protected":false},"author":3,"featured_media":0,"parent":135,"menu_order":0,"comment_status":"closed","ping_status":"closed","template":"","meta":{"footnotes":""},"class_list":["post-2942","page","type-page","status-publish","hentry"],"yoast_head":"<!-- This site is optimized with the Yoast SEO plugin v27.4 - https:\/\/yoast.com\/product\/yoast-seo-wordpress\/ -->\n<title>Fi\u00fa U20 - 2024\/2025 - Sz\u00e9k\u00e1cs KE<\/title>\n<meta name=\"robots\" content=\"index, follow, max-snippet:-1, max-image-preview:large, max-video-preview:-1\" \/>\n<link rel=\"canonical\" href=\"https:\/\/szekacske.hu\/new\/csapatok\/fiu-u20-2024-2025\/\" \/>\n<meta property=\"og:locale\" content=\"hu_HU\" \/>\n<meta property=\"og:type\" content=\"article\" \/>\n<meta property=\"og:title\" content=\"Fi\u00fa U20 - 2024\/2025 - Sz\u00e9k\u00e1cs KE\" \/>\n<meta property=\"og:url\" content=\"https:\/\/szekacske.hu\/new\/csapatok\/fiu-u20-2024-2025\/\" \/>\n<meta property=\"og:site_name\" content=\"Sz\u00e9k\u00e1cs KE\" \/>\n<meta property=\"article:modified_time\" content=\"2024-10-25T08:26:34+00:00\" \/>\n<meta property=\"og:image\" content=\"https:\/\/szekacske.hu\/new\/wp-content\/uploads\/2019\/09\/cropped-szekacske.png\" \/>\n\t<meta property=\"og:image:width\" content=\"512\" \/>\n\t<meta property=\"og:image:height\" content=\"512\" \/>\n\t<meta property=\"og:image:type\" content=\"image\/png\" \/>\n<meta name=\"twitter:card\" content=\"summary_large_image\" \/>\n<script type=\"application\/ld+json\" class=\"yoast-schema-graph\">{\"@context\":\"https:\\\/\\\/schema.org\",\"@graph\":[{\"@type\":\"WebPage\",\"@id\":\"https:\\\/\\\/szekacske.hu\\\/new\\\/csapatok\\\/fiu-u20-2024-2025\\\/\",\"url\":\"https:\\\/\\\/szekacske.hu\\\/new\\\/csapatok\\\/fiu-u20-2024-2025\\\/\",\"name\":\"Fi\u00fa U20 - 2024\\\/2025 - Sz\u00e9k\u00e1cs KE\",\"isPartOf\":{\"@id\":\"http:\\\/\\\/szekacske.hu\\\/new\\\/#website\"},\"datePublished\":\"2024-10-25T08:20:24+00:00\",\"dateModified\":\"2024-10-25T08:26:34+00:00\",\"breadcrumb\":{\"@id\":\"https:\\\/\\\/szekacske.hu\\\/new\\\/csapatok\\\/fiu-u20-2024-2025\\\/#breadcrumb\"},\"inLanguage\":\"hu\",\"potentialAction\":[{\"@type\":\"ReadAction\",\"target\":[\"https:\\\/\\\/szekacske.hu\\\/new\\\/csapatok\\\/fiu-u20-2024-2025\\\/\"]}]},{\"@type\":\"BreadcrumbList\",\"@id\":\"https:\\\/\\\/szekacske.hu\\\/new\\\/csapatok\\\/fiu-u20-2024-2025\\\/#breadcrumb\",\"itemListElement\":[{\"@type\":\"ListItem\",\"position\":1,\"name\":\"Kezd\u0151lap\",\"item\":\"http:\\\/\\\/szekacske.hu\\\/new\\\/\"},{\"@type\":\"ListItem\",\"position\":2,\"name\":\"Csapatok\",\"item\":\"https:\\\/\\\/szekacske.hu\\\/new\\\/csapatok\\\/\"},{\"@type\":\"ListItem\",\"position\":3,\"name\":\"Fi\u00fa U20 &#8211; 2024\\\/2025\"}]},{\"@type\":\"WebSite\",\"@id\":\"http:\\\/\\\/szekacske.hu\\\/new\\\/#website\",\"url\":\"http:\\\/\\\/szekacske.hu\\\/new\\\/\",\"name\":\"Sz\u00e9k\u00e1cs KE\",\"description\":\"T\u00f6r\u00f6kszentmikl\u00f3si Sz\u00e9k\u00e1cs KE hivatalos honlapja\",\"potentialAction\":[{\"@type\":\"SearchAction\",\"target\":{\"@type\":\"EntryPoint\",\"urlTemplate\":\"http:\\\/\\\/szekacske.hu\\\/new\\\/?s={search_term_string}\"},\"query-input\":{\"@type\":\"PropertyValueSpecification\",\"valueRequired\":true,\"valueName\":\"search_term_string\"}}],\"inLanguage\":\"hu\"}]}<\/script>\n<!-- \/ Yoast SEO plugin. -->","yoast_head_json":{"title":"Fi\u00fa U20 - 2024\/2025 - Sz\u00e9k\u00e1cs KE","robots":{"index":"index","follow":"follow","max-snippet":"max-snippet:-1","max-image-preview":"max-image-preview:large","max-video-preview":"max-video-preview:-1"},"canonical":"https:\/\/szekacske.hu\/new\/csapatok\/fiu-u20-2024-2025\/","og_locale":"hu_HU","og_type":"article","og_title":"Fi\u00fa U20 - 2024\/2025 - Sz\u00e9k\u00e1cs KE","og_url":"https:\/\/szekacske.hu\/new\/csapatok\/fiu-u20-2024-2025\/","og_site_name":"Sz\u00e9k\u00e1cs KE","article_modified_time":"2024-10-25T08:26:34+00:00","og_image":[{"width":512,"height":512,"url":"https:\/\/szekacske.hu\/new\/wp-content\/uploads\/2019\/09\/cropped-szekacske.png","type":"image\/png"}],"twitter_card":"summary_large_image","schema":{"@context":"https:\/\/schema.org","@graph":[{"@type":"WebPage","@id":"https:\/\/szekacske.hu\/new\/csapatok\/fiu-u20-2024-2025\/","url":"https:\/\/szekacske.hu\/new\/csapatok\/fiu-u20-2024-2025\/","name":"Fi\u00fa U20 - 2024\/2025 - Sz\u00e9k\u00e1cs KE","isPartOf":{"@id":"http:\/\/szekacske.hu\/new\/#website"},"datePublished":"2024-10-25T08:20:24+00:00","dateModified":"2024-10-25T08:26:34+00:00","breadcrumb":{"@id":"https:\/\/szekacske.hu\/new\/csapatok\/fiu-u20-2024-2025\/#breadcrumb"},"inLanguage":"hu","potentialAction":[{"@type":"ReadAction","target":["https:\/\/szekacske.hu\/new\/csapatok\/fiu-u20-2024-2025\/"]}]},{"@type":"BreadcrumbList","@id":"https:\/\/szekacske.hu\/new\/csapatok\/fiu-u20-2024-2025\/#breadcrumb","itemListElement":[{"@type":"ListItem","position":1,"name":"Kezd\u0151lap","item":"http:\/\/szekacske.hu\/new\/"},{"@type":"ListItem","position":2,"name":"Csapatok","item":"https:\/\/szekacske.hu\/new\/csapatok\/"},{"@type":"ListItem","position":3,"name":"Fi\u00fa U20 &#8211; 2024\/2025"}]},{"@type":"WebSite","@id":"http:\/\/szekacske.hu\/new\/#website","url":"http:\/\/szekacske.hu\/new\/","name":"Sz\u00e9k\u00e1cs KE","description":"T\u00f6r\u00f6kszentmikl\u00f3si Sz\u00e9k\u00e1cs KE hivatalos honlapja","potentialAction":[{"@type":"SearchAction","target":{"@type":"EntryPoint","urlTemplate":"http:\/\/szekacske.hu\/new\/?s={search_term_string}"},"query-input":{"@type":"PropertyValueSpecification","valueRequired":true,"valueName":"search_term_string"}}],"inLanguage":"hu"}]}},"_links":{"self":[{"href":"https:\/\/szekacske.hu\/new\/wp-json\/wp\/v2\/pages\/2942","targetHints":{"allow":["GET"]}}],"collection":[{"href":"https:\/\/szekacske.hu\/new\/wp-json\/wp\/v2\/pages"}],"about":[{"href":"https:\/\/szekacske.hu\/new\/wp-json\/wp\/v2\/types\/page"}],"author":[{"embeddable":true,"href":"https:\/\/szekacske.hu\/new\/wp-json\/wp\/v2\/users\/3"}],"replies":[{"embeddable":true,"href":"https:\/\/szekacske.hu\/new\/wp-json\/wp\/v2\/comments?post=2942"}],"version-history":[{"count":2,"href":"https:\/\/szekacske.hu\/new\/wp-json\/wp\/v2\/pages\/2942\/revisions"}],"predecessor-version":[{"id":2949,"href":"https:\/\/szekacske.hu\/new\/wp-json\/wp\/v2\/pages\/2942\/revisions\/2949"}],"up":[{"embeddable":true,"href":"https:\/\/szekacske.hu\/new\/wp-json\/wp\/v2\/pages\/135"}],"wp:attachment":[{"href":"https:\/\/szekacske.hu\/new\/wp-json\/wp\/v2\/media?parent=2942"}],"curies":[{"name":"wp","href":"https:\/\/api.w.org\/{rel}","templated":true}]}}