{"id":2940,"date":"2024-10-25T10:19:28","date_gmt":"2024-10-25T08:19:28","guid":{"rendered":"https:\/\/szekacske.hu\/new\/?page_id=2940"},"modified":"2024-10-25T10:27:59","modified_gmt":"2024-10-25T08:27:59","slug":"leany-u18-2024-2025","status":"publish","type":"page","link":"https:\/\/szekacske.hu\/new\/csapatok\/leany-u18-2024-2025\/","title":{"rendered":"Le\u00e1ny U18 &#8211; 2024\/2025"},"content":{"rendered":"<div class=\"sportspress\"><h4 class=\"sp-table-caption\">Le\u00e1ny U18 &#8211; 2024\/2025<\/h4><div class=\"sp-template sp-template-player-list\"><div class=\"sp-table-wrapper\"><table class=\"sp-player-list sp-data-table sp-responsive-table playerlist_69f88f461c138 sp-paginated-table\" data-sp-rows=\"21\"><thead><tr><th class=\"data-name\">J\u00e1t\u00e9kos<\/th><th class=\"data-goals\">G\u00d3L<\/th><th class=\"data-appearances\">M<\/th><\/tr><\/thead><tbody><tr class=\"odd\"><td class=\"data-name\" data-label=\"J\u00e1t\u00e9kos\"><a href=\"https:\/\/szekacske.hu\/new\/player\/angyal-lara\/\">Angyal Lara<\/a><\/td><td class=\"data-goals\" data-label=\"G\u00d3L\">144<\/td><td class=\"data-appearances\" data-label=\"M\">17<\/td><\/tr><tr class=\"even\"><td class=\"data-name\" data-label=\"J\u00e1t\u00e9kos\"><a href=\"https:\/\/szekacske.hu\/new\/player\/balint-lili\/\">B\u00e1lint Lili<\/a><\/td><td class=\"data-goals\" data-label=\"G\u00d3L\">0<\/td><td class=\"data-appearances\" data-label=\"M\">14<\/td><\/tr><tr class=\"odd\"><td class=\"data-name\" data-label=\"J\u00e1t\u00e9kos\"><a href=\"https:\/\/szekacske.hu\/new\/player\/erdei-lili\/\">Erdei Lili<\/a><\/td><td class=\"data-goals\" data-label=\"G\u00d3L\">78<\/td><td class=\"data-appearances\" data-label=\"M\">17<\/td><\/tr><tr class=\"even\"><td class=\"data-name\" data-label=\"J\u00e1t\u00e9kos\"><a href=\"https:\/\/szekacske.hu\/new\/player\/hajdu-flora\/\">Hajd\u00fa Fl\u00f3ra<\/a><\/td><td class=\"data-goals\" data-label=\"G\u00d3L\">15<\/td><td class=\"data-appearances\" data-label=\"M\">15<\/td><\/tr><tr class=\"odd\"><td class=\"data-name\" data-label=\"J\u00e1t\u00e9kos\"><a href=\"https:\/\/szekacske.hu\/new\/player\/kis-nora\/\">Kis N\u00f3ra<\/a><\/td><td class=\"data-goals\" data-label=\"G\u00d3L\">34<\/td><td class=\"data-appearances\" data-label=\"M\">17<\/td><\/tr><tr class=\"even\"><td class=\"data-name\" data-label=\"J\u00e1t\u00e9kos\"><a href=\"https:\/\/szekacske.hu\/new\/player\/molnar-villo-hajna\/\">Moln\u00e1r Vill\u0151 Hajna<\/a><\/td><td class=\"data-goals\" data-label=\"G\u00d3L\">7<\/td><td class=\"data-appearances\" data-label=\"M\">15<\/td><\/tr><tr class=\"odd\"><td class=\"data-name\" data-label=\"J\u00e1t\u00e9kos\"><a href=\"https:\/\/szekacske.hu\/new\/player\/papp-renata\/\">Papp Ren\u00e1ta<\/a><\/td><td class=\"data-goals\" data-label=\"G\u00d3L\">13<\/td><td class=\"data-appearances\" data-label=\"M\">17<\/td><\/tr><tr class=\"even\"><td class=\"data-name\" data-label=\"J\u00e1t\u00e9kos\"><a href=\"https:\/\/szekacske.hu\/new\/player\/pal-ditta\/\">P\u00e1l Ditta<\/a><\/td><td class=\"data-goals\" data-label=\"G\u00d3L\">14<\/td><td class=\"data-appearances\" data-label=\"M\">7<\/td><\/tr><tr class=\"odd\"><td class=\"data-name\" data-label=\"J\u00e1t\u00e9kos\"><a href=\"https:\/\/szekacske.hu\/new\/player\/szloska-luca\/\">Szloska Luca<\/a><\/td><td class=\"data-goals\" data-label=\"G\u00d3L\">49<\/td><td class=\"data-appearances\" data-label=\"M\">13<\/td><\/tr><tr class=\"even\"><td class=\"data-name\" data-label=\"J\u00e1t\u00e9kos\"><a href=\"https:\/\/szekacske.hu\/new\/player\/taborosi-blanka\/\">T\u00e1borosi Blanka<\/a><\/td><td class=\"data-goals\" data-label=\"G\u00d3L\">2<\/td><td class=\"data-appearances\" data-label=\"M\">8<\/td><\/tr><tr class=\"odd\"><td class=\"data-name\" data-label=\"J\u00e1t\u00e9kos\"><a href=\"https:\/\/szekacske.hu\/new\/player\/varga-alexandra-timea\/\">Varga Alexandra T\u00edmea<\/a><\/td><td class=\"data-goals\" data-label=\"G\u00d3L\">18<\/td><td class=\"data-appearances\" data-label=\"M\">17<\/td><\/tr><\/tbody><\/table><\/div><\/div><\/div>\n","protected":false},"excerpt":{"rendered":"","protected":false},"author":3,"featured_media":0,"parent":135,"menu_order":0,"comment_status":"closed","ping_status":"closed","template":"","meta":{"footnotes":""},"class_list":["post-2940","page","type-page","status-publish","hentry"],"yoast_head":"<!-- This site is optimized with the Yoast SEO plugin v27.5 - https:\/\/yoast.com\/product\/yoast-seo-wordpress\/ -->\n<title>Le\u00e1ny U18 - 2024\/2025 - Sz\u00e9k\u00e1cs KE<\/title>\n<meta name=\"robots\" content=\"index, follow, max-snippet:-1, max-image-preview:large, max-video-preview:-1\" \/>\n<link rel=\"canonical\" href=\"https:\/\/szekacske.hu\/new\/csapatok\/leany-u18-2024-2025\/\" \/>\n<meta property=\"og:locale\" content=\"hu_HU\" \/>\n<meta property=\"og:type\" content=\"article\" \/>\n<meta property=\"og:title\" content=\"Le\u00e1ny U18 - 2024\/2025 - Sz\u00e9k\u00e1cs KE\" \/>\n<meta property=\"og:url\" content=\"https:\/\/szekacske.hu\/new\/csapatok\/leany-u18-2024-2025\/\" \/>\n<meta property=\"og:site_name\" content=\"Sz\u00e9k\u00e1cs KE\" \/>\n<meta property=\"article:modified_time\" content=\"2024-10-25T08:27:59+00:00\" \/>\n<meta property=\"og:image\" content=\"https:\/\/szekacske.hu\/new\/wp-content\/uploads\/2019\/09\/cropped-szekacske.png\" \/>\n\t<meta property=\"og:image:width\" content=\"512\" \/>\n\t<meta property=\"og:image:height\" content=\"512\" \/>\n\t<meta property=\"og:image:type\" content=\"image\/png\" \/>\n<meta name=\"twitter:card\" content=\"summary_large_image\" \/>\n<script type=\"application\/ld+json\" class=\"yoast-schema-graph\">{\"@context\":\"https:\\\/\\\/schema.org\",\"@graph\":[{\"@type\":\"WebPage\",\"@id\":\"https:\\\/\\\/szekacske.hu\\\/new\\\/csapatok\\\/leany-u18-2024-2025\\\/\",\"url\":\"https:\\\/\\\/szekacske.hu\\\/new\\\/csapatok\\\/leany-u18-2024-2025\\\/\",\"name\":\"Le\u00e1ny U18 - 2024\\\/2025 - Sz\u00e9k\u00e1cs KE\",\"isPartOf\":{\"@id\":\"https:\\\/\\\/szekacske.hu\\\/new\\\/#website\"},\"datePublished\":\"2024-10-25T08:19:28+00:00\",\"dateModified\":\"2024-10-25T08:27:59+00:00\",\"breadcrumb\":{\"@id\":\"https:\\\/\\\/szekacske.hu\\\/new\\\/csapatok\\\/leany-u18-2024-2025\\\/#breadcrumb\"},\"inLanguage\":\"hu\",\"potentialAction\":[{\"@type\":\"ReadAction\",\"target\":[\"https:\\\/\\\/szekacske.hu\\\/new\\\/csapatok\\\/leany-u18-2024-2025\\\/\"]}]},{\"@type\":\"BreadcrumbList\",\"@id\":\"https:\\\/\\\/szekacske.hu\\\/new\\\/csapatok\\\/leany-u18-2024-2025\\\/#breadcrumb\",\"itemListElement\":[{\"@type\":\"ListItem\",\"position\":1,\"name\":\"Kezd\u0151lap\",\"item\":\"https:\\\/\\\/szekacske.hu\\\/new\\\/\"},{\"@type\":\"ListItem\",\"position\":2,\"name\":\"Csapatok\",\"item\":\"https:\\\/\\\/szekacske.hu\\\/new\\\/csapatok\\\/\"},{\"@type\":\"ListItem\",\"position\":3,\"name\":\"Le\u00e1ny U18 &#8211; 2024\\\/2025\"}]},{\"@type\":\"WebSite\",\"@id\":\"https:\\\/\\\/szekacske.hu\\\/new\\\/#website\",\"url\":\"https:\\\/\\\/szekacske.hu\\\/new\\\/\",\"name\":\"Sz\u00e9k\u00e1cs KE\",\"description\":\"T\u00f6r\u00f6kszentmikl\u00f3si Sz\u00e9k\u00e1cs KE hivatalos honlapja\",\"potentialAction\":[{\"@type\":\"SearchAction\",\"target\":{\"@type\":\"EntryPoint\",\"urlTemplate\":\"https:\\\/\\\/szekacske.hu\\\/new\\\/?s={search_term_string}\"},\"query-input\":{\"@type\":\"PropertyValueSpecification\",\"valueRequired\":true,\"valueName\":\"search_term_string\"}}],\"inLanguage\":\"hu\"}]}<\/script>\n<!-- \/ Yoast SEO plugin. -->","yoast_head_json":{"title":"Le\u00e1ny U18 - 2024\/2025 - Sz\u00e9k\u00e1cs KE","robots":{"index":"index","follow":"follow","max-snippet":"max-snippet:-1","max-image-preview":"max-image-preview:large","max-video-preview":"max-video-preview:-1"},"canonical":"https:\/\/szekacske.hu\/new\/csapatok\/leany-u18-2024-2025\/","og_locale":"hu_HU","og_type":"article","og_title":"Le\u00e1ny U18 - 2024\/2025 - Sz\u00e9k\u00e1cs KE","og_url":"https:\/\/szekacske.hu\/new\/csapatok\/leany-u18-2024-2025\/","og_site_name":"Sz\u00e9k\u00e1cs KE","article_modified_time":"2024-10-25T08:27:59+00:00","og_image":[{"width":512,"height":512,"url":"https:\/\/szekacske.hu\/new\/wp-content\/uploads\/2019\/09\/cropped-szekacske.png","type":"image\/png"}],"twitter_card":"summary_large_image","schema":{"@context":"https:\/\/schema.org","@graph":[{"@type":"WebPage","@id":"https:\/\/szekacske.hu\/new\/csapatok\/leany-u18-2024-2025\/","url":"https:\/\/szekacske.hu\/new\/csapatok\/leany-u18-2024-2025\/","name":"Le\u00e1ny U18 - 2024\/2025 - Sz\u00e9k\u00e1cs KE","isPartOf":{"@id":"https:\/\/szekacske.hu\/new\/#website"},"datePublished":"2024-10-25T08:19:28+00:00","dateModified":"2024-10-25T08:27:59+00:00","breadcrumb":{"@id":"https:\/\/szekacske.hu\/new\/csapatok\/leany-u18-2024-2025\/#breadcrumb"},"inLanguage":"hu","potentialAction":[{"@type":"ReadAction","target":["https:\/\/szekacske.hu\/new\/csapatok\/leany-u18-2024-2025\/"]}]},{"@type":"BreadcrumbList","@id":"https:\/\/szekacske.hu\/new\/csapatok\/leany-u18-2024-2025\/#breadcrumb","itemListElement":[{"@type":"ListItem","position":1,"name":"Kezd\u0151lap","item":"https:\/\/szekacske.hu\/new\/"},{"@type":"ListItem","position":2,"name":"Csapatok","item":"https:\/\/szekacske.hu\/new\/csapatok\/"},{"@type":"ListItem","position":3,"name":"Le\u00e1ny U18 &#8211; 2024\/2025"}]},{"@type":"WebSite","@id":"https:\/\/szekacske.hu\/new\/#website","url":"https:\/\/szekacske.hu\/new\/","name":"Sz\u00e9k\u00e1cs KE","description":"T\u00f6r\u00f6kszentmikl\u00f3si Sz\u00e9k\u00e1cs KE hivatalos honlapja","potentialAction":[{"@type":"SearchAction","target":{"@type":"EntryPoint","urlTemplate":"https:\/\/szekacske.hu\/new\/?s={search_term_string}"},"query-input":{"@type":"PropertyValueSpecification","valueRequired":true,"valueName":"search_term_string"}}],"inLanguage":"hu"}]}},"_links":{"self":[{"href":"https:\/\/szekacske.hu\/new\/wp-json\/wp\/v2\/pages\/2940","targetHints":{"allow":["GET"]}}],"collection":[{"href":"https:\/\/szekacske.hu\/new\/wp-json\/wp\/v2\/pages"}],"about":[{"href":"https:\/\/szekacske.hu\/new\/wp-json\/wp\/v2\/types\/page"}],"author":[{"embeddable":true,"href":"https:\/\/szekacske.hu\/new\/wp-json\/wp\/v2\/users\/3"}],"replies":[{"embeddable":true,"href":"https:\/\/szekacske.hu\/new\/wp-json\/wp\/v2\/comments?post=2940"}],"version-history":[{"count":3,"href":"https:\/\/szekacske.hu\/new\/wp-json\/wp\/v2\/pages\/2940\/revisions"}],"predecessor-version":[{"id":2951,"href":"https:\/\/szekacske.hu\/new\/wp-json\/wp\/v2\/pages\/2940\/revisions\/2951"}],"up":[{"embeddable":true,"href":"https:\/\/szekacske.hu\/new\/wp-json\/wp\/v2\/pages\/135"}],"wp:attachment":[{"href":"https:\/\/szekacske.hu\/new\/wp-json\/wp\/v2\/media?parent=2940"}],"curies":[{"name":"wp","href":"https:\/\/api.w.org\/{rel}","templated":true}]}}