{"id":2823,"date":"2024-09-06T18:39:24","date_gmt":"2024-09-06T16:39:24","guid":{"rendered":"https:\/\/szekacske.hu\/new\/?page_id=2823"},"modified":"2024-09-06T18:40:53","modified_gmt":"2024-09-06T16:40:53","slug":"2023-2024-merkozesek","status":"publish","type":"page","link":"https:\/\/szekacske.hu\/new\/merkozesek\/2023-2024-merkozesek\/","title":{"rendered":"2023\/2024 M\u00e9rk\u0151z\u00e9sek"},"content":{"rendered":"","protected":false},"excerpt":{"rendered":"","protected":false},"author":3,"featured_media":0,"parent":133,"menu_order":0,"comment_status":"closed","ping_status":"closed","template":"","meta":{"footnotes":""},"class_list":["post-2823","page","type-page","status-publish","hentry"],"yoast_head":"<!-- This site is optimized with the Yoast SEO plugin v27.3 - https:\/\/yoast.com\/product\/yoast-seo-wordpress\/ -->\n<title>2023\/2024 M\u00e9rk\u0151z\u00e9sek - Sz\u00e9k\u00e1cs KE<\/title>\n<meta name=\"robots\" content=\"index, follow, max-snippet:-1, max-image-preview:large, max-video-preview:-1\" \/>\n<link rel=\"canonical\" href=\"https:\/\/szekacske.hu\/new\/merkozesek\/2023-2024-merkozesek\/\" \/>\n<meta property=\"og:locale\" content=\"hu_HU\" \/>\n<meta property=\"og:type\" content=\"article\" \/>\n<meta property=\"og:title\" content=\"2023\/2024 M\u00e9rk\u0151z\u00e9sek - Sz\u00e9k\u00e1cs KE\" \/>\n<meta property=\"og:url\" content=\"https:\/\/szekacske.hu\/new\/merkozesek\/2023-2024-merkozesek\/\" \/>\n<meta property=\"og:site_name\" content=\"Sz\u00e9k\u00e1cs KE\" \/>\n<meta property=\"article:modified_time\" content=\"2024-09-06T16:40:53+00:00\" \/>\n<meta property=\"og:image\" content=\"https:\/\/szekacske.hu\/new\/wp-content\/uploads\/2019\/09\/cropped-szekacske.png\" \/>\n\t<meta property=\"og:image:width\" content=\"512\" \/>\n\t<meta property=\"og:image:height\" content=\"512\" \/>\n\t<meta property=\"og:image:type\" content=\"image\/png\" \/>\n<meta name=\"twitter:card\" content=\"summary_large_image\" \/>\n<script type=\"application\/ld+json\" class=\"yoast-schema-graph\">{\"@context\":\"https:\\\/\\\/schema.org\",\"@graph\":[{\"@type\":\"WebPage\",\"@id\":\"https:\\\/\\\/szekacske.hu\\\/new\\\/merkozesek\\\/2023-2024-merkozesek\\\/\",\"url\":\"https:\\\/\\\/szekacske.hu\\\/new\\\/merkozesek\\\/2023-2024-merkozesek\\\/\",\"name\":\"2023\\\/2024 M\u00e9rk\u0151z\u00e9sek - Sz\u00e9k\u00e1cs KE\",\"isPartOf\":{\"@id\":\"https:\\\/\\\/szekacske.hu\\\/new\\\/#website\"},\"datePublished\":\"2024-09-06T16:39:24+00:00\",\"dateModified\":\"2024-09-06T16:40:53+00:00\",\"breadcrumb\":{\"@id\":\"https:\\\/\\\/szekacske.hu\\\/new\\\/merkozesek\\\/2023-2024-merkozesek\\\/#breadcrumb\"},\"inLanguage\":\"hu\",\"potentialAction\":[{\"@type\":\"ReadAction\",\"target\":[\"https:\\\/\\\/szekacske.hu\\\/new\\\/merkozesek\\\/2023-2024-merkozesek\\\/\"]}]},{\"@type\":\"BreadcrumbList\",\"@id\":\"https:\\\/\\\/szekacske.hu\\\/new\\\/merkozesek\\\/2023-2024-merkozesek\\\/#breadcrumb\",\"itemListElement\":[{\"@type\":\"ListItem\",\"position\":1,\"name\":\"Kezd\u0151lap\",\"item\":\"https:\\\/\\\/szekacske.hu\\\/new\\\/\"},{\"@type\":\"ListItem\",\"position\":2,\"name\":\"M\u00e9rk\u0151z\u00e9sek\",\"item\":\"https:\\\/\\\/szekacske.hu\\\/new\\\/merkozesek\\\/\"},{\"@type\":\"ListItem\",\"position\":3,\"name\":\"2023\\\/2024 M\u00e9rk\u0151z\u00e9sek\"}]},{\"@type\":\"WebSite\",\"@id\":\"https:\\\/\\\/szekacske.hu\\\/new\\\/#website\",\"url\":\"https:\\\/\\\/szekacske.hu\\\/new\\\/\",\"name\":\"Sz\u00e9k\u00e1cs KE\",\"description\":\"T\u00f6r\u00f6kszentmikl\u00f3si Sz\u00e9k\u00e1cs KE hivatalos honlapja\",\"potentialAction\":[{\"@type\":\"SearchAction\",\"target\":{\"@type\":\"EntryPoint\",\"urlTemplate\":\"https:\\\/\\\/szekacske.hu\\\/new\\\/?s={search_term_string}\"},\"query-input\":{\"@type\":\"PropertyValueSpecification\",\"valueRequired\":true,\"valueName\":\"search_term_string\"}}],\"inLanguage\":\"hu\"}]}<\/script>\n<!-- \/ Yoast SEO plugin. -->","yoast_head_json":{"title":"2023\/2024 M\u00e9rk\u0151z\u00e9sek - Sz\u00e9k\u00e1cs KE","robots":{"index":"index","follow":"follow","max-snippet":"max-snippet:-1","max-image-preview":"max-image-preview:large","max-video-preview":"max-video-preview:-1"},"canonical":"https:\/\/szekacske.hu\/new\/merkozesek\/2023-2024-merkozesek\/","og_locale":"hu_HU","og_type":"article","og_title":"2023\/2024 M\u00e9rk\u0151z\u00e9sek - Sz\u00e9k\u00e1cs KE","og_url":"https:\/\/szekacske.hu\/new\/merkozesek\/2023-2024-merkozesek\/","og_site_name":"Sz\u00e9k\u00e1cs KE","article_modified_time":"2024-09-06T16:40:53+00:00","og_image":[{"width":512,"height":512,"url":"https:\/\/szekacske.hu\/new\/wp-content\/uploads\/2019\/09\/cropped-szekacske.png","type":"image\/png"}],"twitter_card":"summary_large_image","schema":{"@context":"https:\/\/schema.org","@graph":[{"@type":"WebPage","@id":"https:\/\/szekacske.hu\/new\/merkozesek\/2023-2024-merkozesek\/","url":"https:\/\/szekacske.hu\/new\/merkozesek\/2023-2024-merkozesek\/","name":"2023\/2024 M\u00e9rk\u0151z\u00e9sek - Sz\u00e9k\u00e1cs KE","isPartOf":{"@id":"https:\/\/szekacske.hu\/new\/#website"},"datePublished":"2024-09-06T16:39:24+00:00","dateModified":"2024-09-06T16:40:53+00:00","breadcrumb":{"@id":"https:\/\/szekacske.hu\/new\/merkozesek\/2023-2024-merkozesek\/#breadcrumb"},"inLanguage":"hu","potentialAction":[{"@type":"ReadAction","target":["https:\/\/szekacske.hu\/new\/merkozesek\/2023-2024-merkozesek\/"]}]},{"@type":"BreadcrumbList","@id":"https:\/\/szekacske.hu\/new\/merkozesek\/2023-2024-merkozesek\/#breadcrumb","itemListElement":[{"@type":"ListItem","position":1,"name":"Kezd\u0151lap","item":"https:\/\/szekacske.hu\/new\/"},{"@type":"ListItem","position":2,"name":"M\u00e9rk\u0151z\u00e9sek","item":"https:\/\/szekacske.hu\/new\/merkozesek\/"},{"@type":"ListItem","position":3,"name":"2023\/2024 M\u00e9rk\u0151z\u00e9sek"}]},{"@type":"WebSite","@id":"https:\/\/szekacske.hu\/new\/#website","url":"https:\/\/szekacske.hu\/new\/","name":"Sz\u00e9k\u00e1cs KE","description":"T\u00f6r\u00f6kszentmikl\u00f3si Sz\u00e9k\u00e1cs KE hivatalos honlapja","potentialAction":[{"@type":"SearchAction","target":{"@type":"EntryPoint","urlTemplate":"https:\/\/szekacske.hu\/new\/?s={search_term_string}"},"query-input":{"@type":"PropertyValueSpecification","valueRequired":true,"valueName":"search_term_string"}}],"inLanguage":"hu"}]}},"_links":{"self":[{"href":"https:\/\/szekacske.hu\/new\/wp-json\/wp\/v2\/pages\/2823","targetHints":{"allow":["GET"]}}],"collection":[{"href":"https:\/\/szekacske.hu\/new\/wp-json\/wp\/v2\/pages"}],"about":[{"href":"https:\/\/szekacske.hu\/new\/wp-json\/wp\/v2\/types\/page"}],"author":[{"embeddable":true,"href":"https:\/\/szekacske.hu\/new\/wp-json\/wp\/v2\/users\/3"}],"replies":[{"embeddable":true,"href":"https:\/\/szekacske.hu\/new\/wp-json\/wp\/v2\/comments?post=2823"}],"version-history":[{"count":3,"href":"https:\/\/szekacske.hu\/new\/wp-json\/wp\/v2\/pages\/2823\/revisions"}],"predecessor-version":[{"id":2827,"href":"https:\/\/szekacske.hu\/new\/wp-json\/wp\/v2\/pages\/2823\/revisions\/2827"}],"up":[{"embeddable":true,"href":"https:\/\/szekacske.hu\/new\/wp-json\/wp\/v2\/pages\/133"}],"wp:attachment":[{"href":"https:\/\/szekacske.hu\/new\/wp-json\/wp\/v2\/media?parent=2823"}],"curies":[{"name":"wp","href":"https:\/\/api.w.org\/{rel}","templated":true}]}}