{"id":2435,"date":"2024-02-18T12:13:51","date_gmt":"2024-02-18T11:13:51","guid":{"rendered":"http:\/\/szekacske.hu\/new\/?page_id=2435"},"modified":"2024-03-04T16:39:10","modified_gmt":"2024-03-04T15:39:10","slug":"noi-varmegyei-i-2023-2024","status":"publish","type":"page","link":"https:\/\/szekacske.hu\/new\/noi-varmegyei-i-2023-2024\/","title":{"rendered":"N\u0151i V\u00e1rmegyei I. 2023\/2024"},"content":{"rendered":"<div class=\"sportspress\"><div class=\"sp-template sp-template-event-blocks\">\n\t<div class=\"sp-table-wrapper\">\n\t\t<table class=\"sp-event-blocks sp-data-table\n\t\t\" data-sp-rows=\"30\">\n\t\t\t<thead><tr><th><\/th><\/tr><\/thead> \t\t\t<tbody>\n\t\t\t\t\t\t\t\t\t<tr class=\"sp-row sp-post alternate\" itemscope itemtype=\"http:\/\/schema.org\/SportsEvent\">\n\t\t\t\t\t\t<td>\n\t\t\t\t\t\t\t\t\t\t\t\t\t\t<span class=\"team-logo logo-odd\" title=\"T\u00f6r\u00f6kszentmikl\u00f3si Sz\u00e9k\u00e1cs KE G\u00c9F-PRO\"><a href=\"https:\/\/szekacske.hu\/new\/team\/torokszentmiklosi-szekacs-ke\/\"><img loading=\"lazy\" decoding=\"async\" width=\"125\" height=\"128\" src=\"https:\/\/szekacske.hu\/new\/wp-content\/uploads\/2019\/09\/szekacske-125x128.png\" class=\"attachment-sportspress-fit-icon size-sportspress-fit-icon wp-post-image\" alt=\"\" \/><\/a><\/span> <span class=\"team-logo logo-even\" title=\"T\u00farkevei VSE\"><a href=\"https:\/\/szekacske.hu\/new\/team\/turkevei-vse\/\"><img loading=\"lazy\" decoding=\"async\" width=\"128\" height=\"104\" src=\"https:\/\/szekacske.hu\/new\/wp-content\/uploads\/2020\/08\/turkeve-cimer-128x104.png\" class=\"attachment-sportspress-fit-icon size-sportspress-fit-icon wp-post-image\" alt=\"\" \/><\/a><\/span>\t\t\t\t\t\t\t<time class=\"sp-event-date\" datetime=\"2023-10-15 10:00:27\" itemprop=\"startDate\" content=\"2023-10-15T10:00:27+02:00\">\n\t\t\t\t\t\t\t\t<a href=\"https:\/\/szekacske.hu\/new\/event\/szekacs-ke-turkevei-vse-9\/\">2023.10.15.<\/a>\t\t\t\t\t\t\t<\/time>\n\t\t\t\t\t\t\t\t\t\t\t\t\t\t<h5 class=\"sp-event-results\">\n\t\t\t\t\t\t\t\t<a href=\"https:\/\/szekacske.hu\/new\/event\/szekacs-ke-turkevei-vse-9\/\"><span class=\"sp-result ok\">14<\/span> - <span class=\"sp-result\">19<\/span><\/a>\t\t\t\t\t\t\t<\/h5>\n\t\t\t\t\t\t\t\t\t\t\t\t\t\t\t<div class=\"sp-event-league\">Szolnok V\u00e1rmegyei N\u0151i<\/div>\n\t\t\t\t\t\t\t\t\t\t\t\t\t\t\t\t\t\t\t\t\t\t\t\t\t\t\t\t\t\t<div class=\"sp-event-season\">2023\/2024<\/div>\n\t\t\t\t\t\t\t\t\t\t\t\t\t\t\t\t\t\t\t\t\t\t\t\t\t\t\t\t\t\t<div class=\"sp-event-venue\" itemprop=\"location\" itemscope itemtype=\"http:\/\/schema.org\/Place\"><div itemprop=\"address\" itemscope itemtype=\"http:\/\/schema.org\/PostalAddress\">Sz\u00e9k\u00e1cs Sportcsarnok<\/div><\/div>\n\t\t\t\t\t\t\t\t\t\t\t\t\t\t\t\t\t\t\t\t\t\t\t\t\t\t\t\t\t\t<div style=\"display:none;\" class=\"sp-event-venue\" itemprop=\"location\" itemscope itemtype=\"http:\/\/schema.org\/Place\"><div itemprop=\"address\" itemscope itemtype=\"http:\/\/schema.org\/PostalAddress\">N\/A<\/div><\/div>\n\t\t\t\t\t\t\t\t\t\t\t\t\t\t<h4 class=\"sp-event-title\" itemprop=\"name\">\n\t\t\t\t\t\t\t\t<a href=\"https:\/\/szekacske.hu\/new\/event\/szekacs-ke-turkevei-vse-9\/\">Sz\u00e9k\u00e1cs KE - T\u00farkevei VSE<\/a>\t\t\t\t\t\t\t<\/h4>\n\t\t\t\t\t\t\t\n\t\t\t\t\t\t<\/td>\n\t\t\t\t\t<\/tr>\n\t\t\t\t\t\t\t\t\t\t<tr class=\"sp-row sp-post\" itemscope itemtype=\"http:\/\/schema.org\/SportsEvent\">\n\t\t\t\t\t\t<td>\n\t\t\t\t\t\t\t\t\t\t\t\t\t\t<span><\/span> <span class=\"team-logo logo-even\" title=\"T\u00f6r\u00f6kszentmikl\u00f3si Sz\u00e9k\u00e1cs KE G\u00c9F-PRO\"><a href=\"https:\/\/szekacske.hu\/new\/team\/torokszentmiklosi-szekacs-ke\/\"><img loading=\"lazy\" decoding=\"async\" width=\"125\" height=\"128\" src=\"https:\/\/szekacske.hu\/new\/wp-content\/uploads\/2019\/09\/szekacske-125x128.png\" class=\"attachment-sportspress-fit-icon size-sportspress-fit-icon wp-post-image\" alt=\"\" \/><\/a><\/span>\t\t\t\t\t\t\t<time class=\"sp-event-date\" datetime=\"2023-10-15 12:30:29\" itemprop=\"startDate\" content=\"2023-10-15T12:30:29+02:00\">\n\t\t\t\t\t\t\t\t<a href=\"https:\/\/szekacske.hu\/new\/event\/jaszfenyszaru-vse-szekacs-ke-2\/\">2023.10.15.<\/a>\t\t\t\t\t\t\t<\/time>\n\t\t\t\t\t\t\t\t\t\t\t\t\t\t<h5 class=\"sp-event-results\">\n\t\t\t\t\t\t\t\t<a href=\"https:\/\/szekacske.hu\/new\/event\/jaszfenyszaru-vse-szekacs-ke-2\/\"><span class=\"sp-result ok\">23<\/span> - <span class=\"sp-result\">22<\/span><\/a>\t\t\t\t\t\t\t<\/h5>\n\t\t\t\t\t\t\t\t\t\t\t\t\t\t\t<div class=\"sp-event-league\">Szolnok V\u00e1rmegyei N\u0151i<\/div>\n\t\t\t\t\t\t\t\t\t\t\t\t\t\t\t\t\t\t\t\t\t\t\t\t\t\t\t\t\t\t<div class=\"sp-event-season\">2023\/2024<\/div>\n\t\t\t\t\t\t\t\t\t\t\t\t\t\t\t\t\t\t\t\t\t\t\t\t\t\t\t\t\t\t\t\t\t\t\t\t\t<div style=\"display:none;\" class=\"sp-event-venue\" itemprop=\"location\" itemscope itemtype=\"http:\/\/schema.org\/Place\"><div itemprop=\"address\" itemscope itemtype=\"http:\/\/schema.org\/PostalAddress\">N\/A<\/div><\/div>\n\t\t\t\t\t\t\t\t\t\t\t\t\t\t<h4 class=\"sp-event-title\" itemprop=\"name\">\n\t\t\t\t\t\t\t\t<a href=\"https:\/\/szekacske.hu\/new\/event\/jaszfenyszaru-vse-szekacs-ke-2\/\">J\u00e1szf\u00e9nyszaru VSE - Sz\u00e9k\u00e1cs KE<\/a>\t\t\t\t\t\t\t<\/h4>\n\t\t\t\t\t\t\t\n\t\t\t\t\t\t<\/td>\n\t\t\t\t\t<\/tr>\n\t\t\t\t\t\t\t\t\t\t<tr class=\"sp-row sp-post alternate\" itemscope itemtype=\"http:\/\/schema.org\/SportsEvent\">\n\t\t\t\t\t\t<td>\n\t\t\t\t\t\t\t\t\t\t\t\t\t\t<span><\/span> <span class=\"team-logo logo-even\" title=\"T\u00f6r\u00f6kszentmikl\u00f3si Sz\u00e9k\u00e1cs KE G\u00c9F-PRO\"><a href=\"https:\/\/szekacske.hu\/new\/team\/torokszentmiklosi-szekacs-ke\/\"><img loading=\"lazy\" decoding=\"async\" width=\"125\" height=\"128\" src=\"https:\/\/szekacske.hu\/new\/wp-content\/uploads\/2019\/09\/szekacske-125x128.png\" class=\"attachment-sportspress-fit-icon size-sportspress-fit-icon wp-post-image\" alt=\"\" \/><\/a><\/span>\t\t\t\t\t\t\t<time class=\"sp-event-date\" datetime=\"2023-11-05 10:00:30\" itemprop=\"startDate\" content=\"2023-11-05T10:00:30+01:00\">\n\t\t\t\t\t\t\t\t<a href=\"https:\/\/szekacske.hu\/new\/event\/jaszfenyszaru-vse-szekacs-ke-3\/\">2023.11.05.<\/a>\t\t\t\t\t\t\t<\/time>\n\t\t\t\t\t\t\t\t\t\t\t\t\t\t<h5 class=\"sp-event-results\">\n\t\t\t\t\t\t\t\t<a href=\"https:\/\/szekacske.hu\/new\/event\/jaszfenyszaru-vse-szekacs-ke-3\/\"><span class=\"sp-result ok\">22<\/span> - <span class=\"sp-result\">21<\/span><\/a>\t\t\t\t\t\t\t<\/h5>\n\t\t\t\t\t\t\t\t\t\t\t\t\t\t\t<div class=\"sp-event-league\">Szolnok V\u00e1rmegyei N\u0151i<\/div>\n\t\t\t\t\t\t\t\t\t\t\t\t\t\t\t\t\t\t\t\t\t\t\t\t\t\t\t\t\t\t<div class=\"sp-event-season\">2023\/2024<\/div>\n\t\t\t\t\t\t\t\t\t\t\t\t\t\t\t\t\t\t\t\t\t\t\t\t\t\t\t\t\t\t\t\t\t\t\t\t\t<div style=\"display:none;\" class=\"sp-event-venue\" itemprop=\"location\" itemscope itemtype=\"http:\/\/schema.org\/Place\"><div itemprop=\"address\" itemscope itemtype=\"http:\/\/schema.org\/PostalAddress\">N\/A<\/div><\/div>\n\t\t\t\t\t\t\t\t\t\t\t\t\t\t<h4 class=\"sp-event-title\" itemprop=\"name\">\n\t\t\t\t\t\t\t\t<a href=\"https:\/\/szekacske.hu\/new\/event\/jaszfenyszaru-vse-szekacs-ke-3\/\">J\u00e1szf\u00e9nyszaru VSE - Sz\u00e9k\u00e1cs KE<\/a>\t\t\t\t\t\t\t<\/h4>\n\t\t\t\t\t\t\t\n\t\t\t\t\t\t<\/td>\n\t\t\t\t\t<\/tr>\n\t\t\t\t\t\t\t\t\t\t<tr class=\"sp-row sp-post\" itemscope itemtype=\"http:\/\/schema.org\/SportsEvent\">\n\t\t\t\t\t\t<td>\n\t\t\t\t\t\t\t\t\t\t\t\t\t\t<span class=\"team-logo logo-odd\" title=\"T\u00f6r\u00f6kszentmikl\u00f3si Sz\u00e9k\u00e1cs KE G\u00c9F-PRO\"><a href=\"https:\/\/szekacske.hu\/new\/team\/torokszentmiklosi-szekacs-ke\/\"><img loading=\"lazy\" decoding=\"async\" width=\"125\" height=\"128\" src=\"https:\/\/szekacske.hu\/new\/wp-content\/uploads\/2019\/09\/szekacske-125x128.png\" class=\"attachment-sportspress-fit-icon size-sportspress-fit-icon wp-post-image\" alt=\"\" \/><\/a><\/span> <span class=\"team-logo logo-even\" title=\"T\u00farkevei VSE\"><a href=\"https:\/\/szekacske.hu\/new\/team\/turkevei-vse\/\"><img loading=\"lazy\" decoding=\"async\" width=\"128\" height=\"104\" src=\"https:\/\/szekacske.hu\/new\/wp-content\/uploads\/2020\/08\/turkeve-cimer-128x104.png\" class=\"attachment-sportspress-fit-icon size-sportspress-fit-icon wp-post-image\" alt=\"\" \/><\/a><\/span>\t\t\t\t\t\t\t<time class=\"sp-event-date\" datetime=\"2023-11-05 11:15:31\" itemprop=\"startDate\" content=\"2023-11-05T11:15:31+01:00\">\n\t\t\t\t\t\t\t\t<a href=\"https:\/\/szekacske.hu\/new\/event\/szekacs-ke-turkevei-vse-10\/\">2023.11.05.<\/a>\t\t\t\t\t\t\t<\/time>\n\t\t\t\t\t\t\t\t\t\t\t\t\t\t<h5 class=\"sp-event-results\">\n\t\t\t\t\t\t\t\t<a href=\"https:\/\/szekacske.hu\/new\/event\/szekacs-ke-turkevei-vse-10\/\"><span class=\"sp-result ok\">19<\/span> - <span class=\"sp-result\">29<\/span><\/a>\t\t\t\t\t\t\t<\/h5>\n\t\t\t\t\t\t\t\t\t\t\t\t\t\t\t<div class=\"sp-event-league\">Szolnok V\u00e1rmegyei N\u0151i<\/div>\n\t\t\t\t\t\t\t\t\t\t\t\t\t\t\t\t\t\t\t\t\t\t\t\t\t\t\t\t\t\t<div class=\"sp-event-season\">2023\/2024<\/div>\n\t\t\t\t\t\t\t\t\t\t\t\t\t\t\t\t\t\t\t\t\t\t\t\t\t\t\t\t\t\t<div class=\"sp-event-venue\" itemprop=\"location\" itemscope itemtype=\"http:\/\/schema.org\/Place\"><div itemprop=\"address\" itemscope itemtype=\"http:\/\/schema.org\/PostalAddress\">Sz\u00e9k\u00e1cs Sportcsarnok<\/div><\/div>\n\t\t\t\t\t\t\t\t\t\t\t\t\t\t\t\t\t\t\t\t\t\t\t\t\t\t\t\t\t\t<div style=\"display:none;\" class=\"sp-event-venue\" itemprop=\"location\" itemscope itemtype=\"http:\/\/schema.org\/Place\"><div itemprop=\"address\" itemscope itemtype=\"http:\/\/schema.org\/PostalAddress\">N\/A<\/div><\/div>\n\t\t\t\t\t\t\t\t\t\t\t\t\t\t<h4 class=\"sp-event-title\" itemprop=\"name\">\n\t\t\t\t\t\t\t\t<a href=\"https:\/\/szekacske.hu\/new\/event\/szekacs-ke-turkevei-vse-10\/\">Sz\u00e9k\u00e1cs KE - T\u00farkevei VSE<\/a>\t\t\t\t\t\t\t<\/h4>\n\t\t\t\t\t\t\t\n\t\t\t\t\t\t<\/td>\n\t\t\t\t\t<\/tr>\n\t\t\t\t\t\t\t\t\t\t<tr class=\"sp-row sp-post alternate\" itemscope itemtype=\"http:\/\/schema.org\/SportsEvent\">\n\t\t\t\t\t\t<td>\n\t\t\t\t\t\t\t\t\t\t\t\t\t\t<span class=\"team-logo logo-odd\" title=\"T\u00farkevei VSE\"><a href=\"https:\/\/szekacske.hu\/new\/team\/turkevei-vse\/\"><img loading=\"lazy\" decoding=\"async\" width=\"128\" height=\"104\" src=\"https:\/\/szekacske.hu\/new\/wp-content\/uploads\/2020\/08\/turkeve-cimer-128x104.png\" class=\"attachment-sportspress-fit-icon size-sportspress-fit-icon wp-post-image\" alt=\"\" \/><\/a><\/span> <span class=\"team-logo logo-even\" title=\"T\u00f6r\u00f6kszentmikl\u00f3si Sz\u00e9k\u00e1cs KE G\u00c9F-PRO\"><a href=\"https:\/\/szekacske.hu\/new\/team\/torokszentmiklosi-szekacs-ke\/\"><img loading=\"lazy\" decoding=\"async\" width=\"125\" height=\"128\" src=\"https:\/\/szekacske.hu\/new\/wp-content\/uploads\/2019\/09\/szekacske-125x128.png\" class=\"attachment-sportspress-fit-icon size-sportspress-fit-icon wp-post-image\" alt=\"\" \/><\/a><\/span>\t\t\t\t\t\t\t<time class=\"sp-event-date\" datetime=\"2023-11-26 10:00:32\" itemprop=\"startDate\" content=\"2023-11-26T10:00:32+01:00\">\n\t\t\t\t\t\t\t\t<a href=\"https:\/\/szekacske.hu\/new\/event\/turkevei-vse-szekacs-ke-8\/\">2023.11.26.<\/a>\t\t\t\t\t\t\t<\/time>\n\t\t\t\t\t\t\t\t\t\t\t\t\t\t<h5 class=\"sp-event-results\">\n\t\t\t\t\t\t\t\t<a href=\"https:\/\/szekacske.hu\/new\/event\/turkevei-vse-szekacs-ke-8\/\"><span class=\"sp-result ok\">21<\/span> - <span class=\"sp-result\">14<\/span><\/a>\t\t\t\t\t\t\t<\/h5>\n\t\t\t\t\t\t\t\t\t\t\t\t\t\t\t<div class=\"sp-event-league\">Szolnok V\u00e1rmegyei N\u0151i<\/div>\n\t\t\t\t\t\t\t\t\t\t\t\t\t\t\t\t\t\t\t\t\t\t\t\t\t\t\t\t\t\t<div class=\"sp-event-season\">2023\/2024<\/div>\n\t\t\t\t\t\t\t\t\t\t\t\t\t\t\t\t\t\t\t\t\t\t\t\t\t\t\t\t\t\t\t\t\t\t\t\t\t<div style=\"display:none;\" class=\"sp-event-venue\" itemprop=\"location\" itemscope itemtype=\"http:\/\/schema.org\/Place\"><div itemprop=\"address\" itemscope itemtype=\"http:\/\/schema.org\/PostalAddress\">N\/A<\/div><\/div>\n\t\t\t\t\t\t\t\t\t\t\t\t\t\t<h4 class=\"sp-event-title\" itemprop=\"name\">\n\t\t\t\t\t\t\t\t<a href=\"https:\/\/szekacske.hu\/new\/event\/turkevei-vse-szekacs-ke-8\/\">T\u00farkevei VSE - Sz\u00e9k\u00e1cs KE<\/a>\t\t\t\t\t\t\t<\/h4>\n\t\t\t\t\t\t\t\n\t\t\t\t\t\t<\/td>\n\t\t\t\t\t<\/tr>\n\t\t\t\t\t\t\t\t\t\t<tr class=\"sp-row sp-post\" itemscope itemtype=\"http:\/\/schema.org\/SportsEvent\">\n\t\t\t\t\t\t<td>\n\t\t\t\t\t\t\t\t\t\t\t\t\t\t<span class=\"team-logo logo-odd\" title=\"T\u00f6r\u00f6kszentmikl\u00f3si Sz\u00e9k\u00e1cs KE G\u00c9F-PRO\"><a href=\"https:\/\/szekacske.hu\/new\/team\/torokszentmiklosi-szekacs-ke\/\"><img loading=\"lazy\" decoding=\"async\" width=\"125\" height=\"128\" src=\"https:\/\/szekacske.hu\/new\/wp-content\/uploads\/2019\/09\/szekacske-125x128.png\" class=\"attachment-sportspress-fit-icon size-sportspress-fit-icon wp-post-image\" alt=\"\" \/><\/a><\/span> <span><\/span>\t\t\t\t\t\t\t<time class=\"sp-event-date\" datetime=\"2023-11-26 11:15:51\" itemprop=\"startDate\" content=\"2023-11-26T11:15:51+01:00\">\n\t\t\t\t\t\t\t\t<a href=\"https:\/\/szekacske.hu\/new\/event\/szekacs-ke-jaszfenyszaru-vse\/\">2023.11.26.<\/a>\t\t\t\t\t\t\t<\/time>\n\t\t\t\t\t\t\t\t\t\t\t\t\t\t<h5 class=\"sp-event-results\">\n\t\t\t\t\t\t\t\t<a href=\"https:\/\/szekacske.hu\/new\/event\/szekacs-ke-jaszfenyszaru-vse\/\"><span class=\"sp-result ok\">19<\/span> - <span class=\"sp-result\">19<\/span><\/a>\t\t\t\t\t\t\t<\/h5>\n\t\t\t\t\t\t\t\t\t\t\t\t\t\t\t<div class=\"sp-event-league\">Szolnok V\u00e1rmegyei N\u0151i<\/div>\n\t\t\t\t\t\t\t\t\t\t\t\t\t\t\t\t\t\t\t\t\t\t\t\t\t\t\t\t\t\t<div class=\"sp-event-season\">2023\/2024<\/div>\n\t\t\t\t\t\t\t\t\t\t\t\t\t\t\t\t\t\t\t\t\t\t\t\t\t\t\t\t\t\t<div class=\"sp-event-venue\" itemprop=\"location\" itemscope itemtype=\"http:\/\/schema.org\/Place\"><div itemprop=\"address\" itemscope itemtype=\"http:\/\/schema.org\/PostalAddress\">Sz\u00e9k\u00e1cs Sportcsarnok<\/div><\/div>\n\t\t\t\t\t\t\t\t\t\t\t\t\t\t\t\t\t\t\t\t\t\t\t\t\t\t\t\t\t\t<div style=\"display:none;\" class=\"sp-event-venue\" itemprop=\"location\" itemscope itemtype=\"http:\/\/schema.org\/Place\"><div itemprop=\"address\" itemscope itemtype=\"http:\/\/schema.org\/PostalAddress\">N\/A<\/div><\/div>\n\t\t\t\t\t\t\t\t\t\t\t\t\t\t<h4 class=\"sp-event-title\" itemprop=\"name\">\n\t\t\t\t\t\t\t\t<a href=\"https:\/\/szekacske.hu\/new\/event\/szekacs-ke-jaszfenyszaru-vse\/\">Sz\u00e9k\u00e1cs KE - J\u00e1szf\u00e9nyszaru VSE<\/a>\t\t\t\t\t\t\t<\/h4>\n\t\t\t\t\t\t\t\n\t\t\t\t\t\t<\/td>\n\t\t\t\t\t<\/tr>\n\t\t\t\t\t\t\t\t<\/tbody>\n\t\t<\/table>\n\t<\/div>\n\t<\/div>\n<\/div>\n","protected":false},"excerpt":{"rendered":"","protected":false},"author":3,"featured_media":0,"parent":0,"menu_order":0,"comment_status":"closed","ping_status":"closed","template":"","meta":{"footnotes":""},"class_list":["post-2435","page","type-page","status-publish","hentry"],"yoast_head":"<!-- This site is optimized with the Yoast SEO plugin v27.4 - https:\/\/yoast.com\/product\/yoast-seo-wordpress\/ -->\n<title>N\u0151i V\u00e1rmegyei I. 2023\/2024 - Sz\u00e9k\u00e1cs KE<\/title>\n<meta name=\"robots\" content=\"index, follow, max-snippet:-1, max-image-preview:large, max-video-preview:-1\" \/>\n<link rel=\"canonical\" href=\"https:\/\/szekacske.hu\/new\/noi-varmegyei-i-2023-2024\/\" \/>\n<meta property=\"og:locale\" content=\"hu_HU\" \/>\n<meta property=\"og:type\" content=\"article\" \/>\n<meta property=\"og:title\" content=\"N\u0151i V\u00e1rmegyei I. 2023\/2024 - Sz\u00e9k\u00e1cs KE\" \/>\n<meta property=\"og:url\" content=\"https:\/\/szekacske.hu\/new\/noi-varmegyei-i-2023-2024\/\" \/>\n<meta property=\"og:site_name\" content=\"Sz\u00e9k\u00e1cs KE\" \/>\n<meta property=\"article:modified_time\" content=\"2024-03-04T15:39:10+00:00\" \/>\n<meta property=\"og:image\" content=\"https:\/\/szekacske.hu\/new\/wp-content\/uploads\/2019\/09\/cropped-szekacske.png\" \/>\n\t<meta property=\"og:image:width\" content=\"512\" \/>\n\t<meta property=\"og:image:height\" content=\"512\" \/>\n\t<meta property=\"og:image:type\" content=\"image\/png\" \/>\n<meta name=\"twitter:card\" content=\"summary_large_image\" \/>\n<script type=\"application\/ld+json\" class=\"yoast-schema-graph\">{\"@context\":\"https:\\\/\\\/schema.org\",\"@graph\":[{\"@type\":\"WebPage\",\"@id\":\"https:\\\/\\\/szekacske.hu\\\/new\\\/noi-varmegyei-i-2023-2024\\\/\",\"url\":\"https:\\\/\\\/szekacske.hu\\\/new\\\/noi-varmegyei-i-2023-2024\\\/\",\"name\":\"N\u0151i V\u00e1rmegyei I. 2023\\\/2024 - Sz\u00e9k\u00e1cs KE\",\"isPartOf\":{\"@id\":\"http:\\\/\\\/szekacske.hu\\\/new\\\/#website\"},\"datePublished\":\"2024-02-18T11:13:51+00:00\",\"dateModified\":\"2024-03-04T15:39:10+00:00\",\"breadcrumb\":{\"@id\":\"https:\\\/\\\/szekacske.hu\\\/new\\\/noi-varmegyei-i-2023-2024\\\/#breadcrumb\"},\"inLanguage\":\"hu\",\"potentialAction\":[{\"@type\":\"ReadAction\",\"target\":[\"https:\\\/\\\/szekacske.hu\\\/new\\\/noi-varmegyei-i-2023-2024\\\/\"]}]},{\"@type\":\"BreadcrumbList\",\"@id\":\"https:\\\/\\\/szekacske.hu\\\/new\\\/noi-varmegyei-i-2023-2024\\\/#breadcrumb\",\"itemListElement\":[{\"@type\":\"ListItem\",\"position\":1,\"name\":\"Kezd\u0151lap\",\"item\":\"http:\\\/\\\/szekacske.hu\\\/new\\\/\"},{\"@type\":\"ListItem\",\"position\":2,\"name\":\"N\u0151i V\u00e1rmegyei I. 2023\\\/2024\"}]},{\"@type\":\"WebSite\",\"@id\":\"http:\\\/\\\/szekacske.hu\\\/new\\\/#website\",\"url\":\"http:\\\/\\\/szekacske.hu\\\/new\\\/\",\"name\":\"Sz\u00e9k\u00e1cs KE\",\"description\":\"T\u00f6r\u00f6kszentmikl\u00f3si Sz\u00e9k\u00e1cs KE hivatalos honlapja\",\"potentialAction\":[{\"@type\":\"SearchAction\",\"target\":{\"@type\":\"EntryPoint\",\"urlTemplate\":\"http:\\\/\\\/szekacske.hu\\\/new\\\/?s={search_term_string}\"},\"query-input\":{\"@type\":\"PropertyValueSpecification\",\"valueRequired\":true,\"valueName\":\"search_term_string\"}}],\"inLanguage\":\"hu\"}]}<\/script>\n<!-- \/ Yoast SEO plugin. -->","yoast_head_json":{"title":"N\u0151i V\u00e1rmegyei I. 2023\/2024 - Sz\u00e9k\u00e1cs KE","robots":{"index":"index","follow":"follow","max-snippet":"max-snippet:-1","max-image-preview":"max-image-preview:large","max-video-preview":"max-video-preview:-1"},"canonical":"https:\/\/szekacske.hu\/new\/noi-varmegyei-i-2023-2024\/","og_locale":"hu_HU","og_type":"article","og_title":"N\u0151i V\u00e1rmegyei I. 2023\/2024 - Sz\u00e9k\u00e1cs KE","og_url":"https:\/\/szekacske.hu\/new\/noi-varmegyei-i-2023-2024\/","og_site_name":"Sz\u00e9k\u00e1cs KE","article_modified_time":"2024-03-04T15:39:10+00:00","og_image":[{"width":512,"height":512,"url":"https:\/\/szekacske.hu\/new\/wp-content\/uploads\/2019\/09\/cropped-szekacske.png","type":"image\/png"}],"twitter_card":"summary_large_image","schema":{"@context":"https:\/\/schema.org","@graph":[{"@type":"WebPage","@id":"https:\/\/szekacske.hu\/new\/noi-varmegyei-i-2023-2024\/","url":"https:\/\/szekacske.hu\/new\/noi-varmegyei-i-2023-2024\/","name":"N\u0151i V\u00e1rmegyei I. 2023\/2024 - Sz\u00e9k\u00e1cs KE","isPartOf":{"@id":"http:\/\/szekacske.hu\/new\/#website"},"datePublished":"2024-02-18T11:13:51+00:00","dateModified":"2024-03-04T15:39:10+00:00","breadcrumb":{"@id":"https:\/\/szekacske.hu\/new\/noi-varmegyei-i-2023-2024\/#breadcrumb"},"inLanguage":"hu","potentialAction":[{"@type":"ReadAction","target":["https:\/\/szekacske.hu\/new\/noi-varmegyei-i-2023-2024\/"]}]},{"@type":"BreadcrumbList","@id":"https:\/\/szekacske.hu\/new\/noi-varmegyei-i-2023-2024\/#breadcrumb","itemListElement":[{"@type":"ListItem","position":1,"name":"Kezd\u0151lap","item":"http:\/\/szekacske.hu\/new\/"},{"@type":"ListItem","position":2,"name":"N\u0151i V\u00e1rmegyei I. 2023\/2024"}]},{"@type":"WebSite","@id":"http:\/\/szekacske.hu\/new\/#website","url":"http:\/\/szekacske.hu\/new\/","name":"Sz\u00e9k\u00e1cs KE","description":"T\u00f6r\u00f6kszentmikl\u00f3si Sz\u00e9k\u00e1cs KE hivatalos honlapja","potentialAction":[{"@type":"SearchAction","target":{"@type":"EntryPoint","urlTemplate":"http:\/\/szekacske.hu\/new\/?s={search_term_string}"},"query-input":{"@type":"PropertyValueSpecification","valueRequired":true,"valueName":"search_term_string"}}],"inLanguage":"hu"}]}},"_links":{"self":[{"href":"https:\/\/szekacske.hu\/new\/wp-json\/wp\/v2\/pages\/2435","targetHints":{"allow":["GET"]}}],"collection":[{"href":"https:\/\/szekacske.hu\/new\/wp-json\/wp\/v2\/pages"}],"about":[{"href":"https:\/\/szekacske.hu\/new\/wp-json\/wp\/v2\/types\/page"}],"author":[{"embeddable":true,"href":"https:\/\/szekacske.hu\/new\/wp-json\/wp\/v2\/users\/3"}],"replies":[{"embeddable":true,"href":"https:\/\/szekacske.hu\/new\/wp-json\/wp\/v2\/comments?post=2435"}],"version-history":[{"count":2,"href":"https:\/\/szekacske.hu\/new\/wp-json\/wp\/v2\/pages\/2435\/revisions"}],"predecessor-version":[{"id":2511,"href":"https:\/\/szekacske.hu\/new\/wp-json\/wp\/v2\/pages\/2435\/revisions\/2511"}],"wp:attachment":[{"href":"https:\/\/szekacske.hu\/new\/wp-json\/wp\/v2\/media?parent=2435"}],"curies":[{"name":"wp","href":"https:\/\/api.w.org\/{rel}","templated":true}]}}