{"id":930,"date":"2022-04-20T10:10:13","date_gmt":"2022-04-20T08:10:13","guid":{"rendered":"http:\/\/szekacske.hu\/new\/?page_id=930"},"modified":"2022-04-20T10:15:03","modified_gmt":"2022-04-20T08:15:03","slug":"fiu-serdulo-iii-osztaly-g","status":"publish","type":"page","link":"http:\/\/szekacske.hu\/new\/merkozesek\/fiu-serdulo-iii-osztaly-g\/","title":{"rendered":"Fi\u00fa serd\u00fcl\u0151 III. oszt\u00e1ly G"},"content":{"rendered":"<div class=\"sportspress\"><div class=\"sp-template sp-template-event-blocks\">\n\t<div class=\"sp-table-wrapper\">\n\t\t<table class=\"sp-event-blocks sp-data-table\n\t\t\" data-sp-rows=\"30\">\n\t\t\t<thead><tr><th><\/th><\/tr><\/thead> \t\t\t<tbody>\n\t\t\t\t\t\t\t\t\t<tr class=\"sp-row sp-post alternate\" itemscope itemtype=\"http:\/\/schema.org\/SportsEvent\">\n\t\t\t\t\t\t<td>\n\t\t\t\t\t\t\t\t\t\t\t\t\t\t<span><\/span> <span class=\"team-logo logo-even\" title=\"T\u00f6r\u00f6kszentmikl\u00f3si Sz\u00e9k\u00e1cs KE G\u00c9F-PRO\"><a href=\"http:\/\/szekacske.hu\/new\/team\/torokszentmiklosi-szekacs-ke\/\"><img loading=\"lazy\" decoding=\"async\" width=\"125\" height=\"128\" src=\"http:\/\/szekacske.hu\/new\/wp-content\/uploads\/2019\/09\/szekacske-125x128.png\" class=\"attachment-sportspress-fit-icon size-sportspress-fit-icon wp-post-image\" alt=\"\" \/><\/a><\/span>\t\t\t\t\t\t\t<time class=\"sp-event-date\" datetime=\"2021-09-17 17:00:28\" itemprop=\"startDate\" content=\"2021-09-17T17:00:28+02:00\">\n\t\t\t\t\t\t\t\t<a href=\"http:\/\/szekacske.hu\/new\/event\/soltvadkerti-kuse-szekacs-ke\/\">2021.09.17.<\/a>\t\t\t\t\t\t\t<\/time>\n\t\t\t\t\t\t\t\t\t\t\t\t\t\t<h5 class=\"sp-event-results\">\n\t\t\t\t\t\t\t\t<a href=\"http:\/\/szekacske.hu\/new\/event\/soltvadkerti-kuse-szekacs-ke\/\"><span class=\"sp-result ok\">45<\/span> - <span class=\"sp-result\">22<\/span><\/a>\t\t\t\t\t\t\t<\/h5>\n\t\t\t\t\t\t\t\t\t\t\t\t\t\t\t<div class=\"sp-event-league\">Fi\u00fa serd\u00fcl\u0151 III. oszt\u00e1ly G<\/div>\n\t\t\t\t\t\t\t\t\t\t\t\t\t\t\t\t\t\t\t\t\t\t\t\t\t\t\t\t\t\t<div class=\"sp-event-season\">2021\/2022<\/div>\n\t\t\t\t\t\t\t\t\t\t\t\t\t\t\t\t\t\t\t\t\t\t\t\t\t\t\t\t\t\t\t\t\t\t\t\t\t<div style=\"display:none;\" class=\"sp-event-venue\" itemprop=\"location\" itemscope itemtype=\"http:\/\/schema.org\/Place\"><div itemprop=\"address\" itemscope itemtype=\"http:\/\/schema.org\/PostalAddress\">N\/A<\/div><\/div>\n\t\t\t\t\t\t\t\t\t\t\t\t\t\t<h4 class=\"sp-event-title\" itemprop=\"name\">\n\t\t\t\t\t\t\t\t<a href=\"http:\/\/szekacske.hu\/new\/event\/soltvadkerti-kuse-szekacs-ke\/\">Soltvadkerti KUSE - Sz\u00e9k\u00e1cs KE<\/a>\t\t\t\t\t\t\t<\/h4>\n\t\t\t\t\t\t\t\n\t\t\t\t\t\t<\/td>\n\t\t\t\t\t<\/tr>\n\t\t\t\t\t\t\t\t<\/tbody>\n\t\t<\/table>\n\t<\/div>\n\t<\/div>\n<\/div>\n","protected":false},"excerpt":{"rendered":"","protected":false},"author":3,"featured_media":0,"parent":133,"menu_order":0,"comment_status":"closed","ping_status":"closed","template":"","meta":{"footnotes":""},"class_list":["post-930","page","type-page","status-publish","hentry"],"yoast_head":"<!-- This site is optimized with the Yoast SEO plugin v27.4 - https:\/\/yoast.com\/product\/yoast-seo-wordpress\/ -->\n<title>Fi\u00fa serd\u00fcl\u0151 III. oszt\u00e1ly G - Sz\u00e9k\u00e1cs KE<\/title>\n<meta name=\"robots\" content=\"index, follow, max-snippet:-1, max-image-preview:large, max-video-preview:-1\" \/>\n<link rel=\"canonical\" href=\"http:\/\/szekacske.hu\/new\/merkozesek\/fiu-serdulo-iii-osztaly-g\/\" \/>\n<meta property=\"og:locale\" content=\"hu_HU\" \/>\n<meta property=\"og:type\" content=\"article\" \/>\n<meta property=\"og:title\" content=\"Fi\u00fa serd\u00fcl\u0151 III. oszt\u00e1ly G - Sz\u00e9k\u00e1cs KE\" \/>\n<meta property=\"og:url\" content=\"http:\/\/szekacske.hu\/new\/merkozesek\/fiu-serdulo-iii-osztaly-g\/\" \/>\n<meta property=\"og:site_name\" content=\"Sz\u00e9k\u00e1cs KE\" \/>\n<meta property=\"article:modified_time\" content=\"2022-04-20T08:15:03+00:00\" \/>\n<meta property=\"og:image\" content=\"http:\/\/szekacske.hu\/new\/wp-content\/uploads\/2019\/09\/cropped-szekacske.png\" \/>\n\t<meta property=\"og:image:width\" content=\"512\" \/>\n\t<meta property=\"og:image:height\" content=\"512\" \/>\n\t<meta property=\"og:image:type\" content=\"image\/png\" \/>\n<meta name=\"twitter:card\" content=\"summary_large_image\" \/>\n<meta name=\"twitter:label1\" content=\"Becs\u00fclt olvas\u00e1si id\u0151\" \/>\n\t<meta name=\"twitter:data1\" content=\"1 perc\" \/>\n<script type=\"application\/ld+json\" class=\"yoast-schema-graph\">{\"@context\":\"https:\\\/\\\/schema.org\",\"@graph\":[{\"@type\":\"WebPage\",\"@id\":\"http:\\\/\\\/szekacske.hu\\\/new\\\/merkozesek\\\/fiu-serdulo-iii-osztaly-g\\\/\",\"url\":\"http:\\\/\\\/szekacske.hu\\\/new\\\/merkozesek\\\/fiu-serdulo-iii-osztaly-g\\\/\",\"name\":\"Fi\u00fa serd\u00fcl\u0151 III. oszt\u00e1ly G - Sz\u00e9k\u00e1cs KE\",\"isPartOf\":{\"@id\":\"https:\\\/\\\/szekacske.hu\\\/new\\\/#website\"},\"datePublished\":\"2022-04-20T08:10:13+00:00\",\"dateModified\":\"2022-04-20T08:15:03+00:00\",\"breadcrumb\":{\"@id\":\"http:\\\/\\\/szekacske.hu\\\/new\\\/merkozesek\\\/fiu-serdulo-iii-osztaly-g\\\/#breadcrumb\"},\"inLanguage\":\"hu\",\"potentialAction\":[{\"@type\":\"ReadAction\",\"target\":[\"http:\\\/\\\/szekacske.hu\\\/new\\\/merkozesek\\\/fiu-serdulo-iii-osztaly-g\\\/\"]}]},{\"@type\":\"BreadcrumbList\",\"@id\":\"http:\\\/\\\/szekacske.hu\\\/new\\\/merkozesek\\\/fiu-serdulo-iii-osztaly-g\\\/#breadcrumb\",\"itemListElement\":[{\"@type\":\"ListItem\",\"position\":1,\"name\":\"Kezd\u0151lap\",\"item\":\"https:\\\/\\\/szekacske.hu\\\/new\\\/\"},{\"@type\":\"ListItem\",\"position\":2,\"name\":\"M\u00e9rk\u0151z\u00e9sek\",\"item\":\"http:\\\/\\\/szekacske.hu\\\/new\\\/merkozesek\\\/\"},{\"@type\":\"ListItem\",\"position\":3,\"name\":\"Fi\u00fa serd\u00fcl\u0151 III. oszt\u00e1ly G\"}]},{\"@type\":\"WebSite\",\"@id\":\"https:\\\/\\\/szekacske.hu\\\/new\\\/#website\",\"url\":\"https:\\\/\\\/szekacske.hu\\\/new\\\/\",\"name\":\"Sz\u00e9k\u00e1cs KE\",\"description\":\"T\u00f6r\u00f6kszentmikl\u00f3si Sz\u00e9k\u00e1cs KE hivatalos honlapja\",\"potentialAction\":[{\"@type\":\"SearchAction\",\"target\":{\"@type\":\"EntryPoint\",\"urlTemplate\":\"https:\\\/\\\/szekacske.hu\\\/new\\\/?s={search_term_string}\"},\"query-input\":{\"@type\":\"PropertyValueSpecification\",\"valueRequired\":true,\"valueName\":\"search_term_string\"}}],\"inLanguage\":\"hu\"}]}<\/script>\n<!-- \/ Yoast SEO plugin. -->","yoast_head_json":{"title":"Fi\u00fa serd\u00fcl\u0151 III. oszt\u00e1ly G - Sz\u00e9k\u00e1cs KE","robots":{"index":"index","follow":"follow","max-snippet":"max-snippet:-1","max-image-preview":"max-image-preview:large","max-video-preview":"max-video-preview:-1"},"canonical":"http:\/\/szekacske.hu\/new\/merkozesek\/fiu-serdulo-iii-osztaly-g\/","og_locale":"hu_HU","og_type":"article","og_title":"Fi\u00fa serd\u00fcl\u0151 III. oszt\u00e1ly G - Sz\u00e9k\u00e1cs KE","og_url":"http:\/\/szekacske.hu\/new\/merkozesek\/fiu-serdulo-iii-osztaly-g\/","og_site_name":"Sz\u00e9k\u00e1cs KE","article_modified_time":"2022-04-20T08:15:03+00:00","og_image":[{"width":512,"height":512,"url":"http:\/\/szekacske.hu\/new\/wp-content\/uploads\/2019\/09\/cropped-szekacske.png","type":"image\/png"}],"twitter_card":"summary_large_image","twitter_misc":{"Becs\u00fclt olvas\u00e1si id\u0151":"1 perc"},"schema":{"@context":"https:\/\/schema.org","@graph":[{"@type":"WebPage","@id":"http:\/\/szekacske.hu\/new\/merkozesek\/fiu-serdulo-iii-osztaly-g\/","url":"http:\/\/szekacske.hu\/new\/merkozesek\/fiu-serdulo-iii-osztaly-g\/","name":"Fi\u00fa serd\u00fcl\u0151 III. oszt\u00e1ly G - Sz\u00e9k\u00e1cs KE","isPartOf":{"@id":"https:\/\/szekacske.hu\/new\/#website"},"datePublished":"2022-04-20T08:10:13+00:00","dateModified":"2022-04-20T08:15:03+00:00","breadcrumb":{"@id":"http:\/\/szekacske.hu\/new\/merkozesek\/fiu-serdulo-iii-osztaly-g\/#breadcrumb"},"inLanguage":"hu","potentialAction":[{"@type":"ReadAction","target":["http:\/\/szekacske.hu\/new\/merkozesek\/fiu-serdulo-iii-osztaly-g\/"]}]},{"@type":"BreadcrumbList","@id":"http:\/\/szekacske.hu\/new\/merkozesek\/fiu-serdulo-iii-osztaly-g\/#breadcrumb","itemListElement":[{"@type":"ListItem","position":1,"name":"Kezd\u0151lap","item":"https:\/\/szekacske.hu\/new\/"},{"@type":"ListItem","position":2,"name":"M\u00e9rk\u0151z\u00e9sek","item":"http:\/\/szekacske.hu\/new\/merkozesek\/"},{"@type":"ListItem","position":3,"name":"Fi\u00fa serd\u00fcl\u0151 III. oszt\u00e1ly G"}]},{"@type":"WebSite","@id":"https:\/\/szekacske.hu\/new\/#website","url":"https:\/\/szekacske.hu\/new\/","name":"Sz\u00e9k\u00e1cs KE","description":"T\u00f6r\u00f6kszentmikl\u00f3si Sz\u00e9k\u00e1cs KE hivatalos honlapja","potentialAction":[{"@type":"SearchAction","target":{"@type":"EntryPoint","urlTemplate":"https:\/\/szekacske.hu\/new\/?s={search_term_string}"},"query-input":{"@type":"PropertyValueSpecification","valueRequired":true,"valueName":"search_term_string"}}],"inLanguage":"hu"}]}},"_links":{"self":[{"href":"http:\/\/szekacske.hu\/new\/wp-json\/wp\/v2\/pages\/930","targetHints":{"allow":["GET"]}}],"collection":[{"href":"http:\/\/szekacske.hu\/new\/wp-json\/wp\/v2\/pages"}],"about":[{"href":"http:\/\/szekacske.hu\/new\/wp-json\/wp\/v2\/types\/page"}],"author":[{"embeddable":true,"href":"http:\/\/szekacske.hu\/new\/wp-json\/wp\/v2\/users\/3"}],"replies":[{"embeddable":true,"href":"http:\/\/szekacske.hu\/new\/wp-json\/wp\/v2\/comments?post=930"}],"version-history":[{"count":3,"href":"http:\/\/szekacske.hu\/new\/wp-json\/wp\/v2\/pages\/930\/revisions"}],"predecessor-version":[{"id":936,"href":"http:\/\/szekacske.hu\/new\/wp-json\/wp\/v2\/pages\/930\/revisions\/936"}],"up":[{"embeddable":true,"href":"http:\/\/szekacske.hu\/new\/wp-json\/wp\/v2\/pages\/133"}],"wp:attachment":[{"href":"http:\/\/szekacske.hu\/new\/wp-json\/wp\/v2\/media?parent=930"}],"curies":[{"name":"wp","href":"https:\/\/api.w.org\/{rel}","templated":true}]}}