{"id":1362,"date":"2022-11-03T10:49:06","date_gmt":"2022-11-03T09:49:06","guid":{"rendered":"http:\/\/szekacske.hu\/new\/?page_id=1362"},"modified":"2025-10-15T10:53:17","modified_gmt":"2025-10-15T08:53:17","slug":"meccsnaptar-2024-2025","status":"publish","type":"page","link":"http:\/\/szekacske.hu\/new\/meccsnaptar-2024-2025\/","title":{"rendered":"Meccsnapt\u00e1r 2025\/2026"},"content":{"rendered":"<div class=\"sportspress\"><div class=\"sp-template sp-template-event-calendar\">\n\t\n<div class=\"sp-calendar-wrapper\">\n<table id=\"wp-calendar\" class=\"sp-calendar sp-event-calendar sp-data-table\">\n<caption class=\"sp-table-caption\">2026. \u00e1prilis  <\/caption>\n<thead>\n<tr>\n\t\t<th scope=\"col\" title=\"h\u00e9tf\u0151\">h<\/th>\n\t\t<th scope=\"col\" title=\"kedd\">K<\/th>\n\t\t<th scope=\"col\" title=\"szerda\">s<\/th>\n\t\t<th scope=\"col\" title=\"cs\u00fct\u00f6rt\u00f6k\">c<\/th>\n\t\t<th scope=\"col\" title=\"p\u00e9ntek\">p<\/th>\n\t\t<th scope=\"col\" title=\"szombat\">s<\/th>\n\t\t<th scope=\"col\" title=\"vas\u00e1rnap\">v<\/th>\n<\/tr>\n<\/thead>\n\n<tfoot>\n<tr>\n\t\t<td colspan=\"3\" id=\"prev\" class=\"sp-previous-month\"><a data-tooltip data-options=\"disable_for_touch:true\" class=\"has-tooltip tip-right\" href=\"\/new\/wp-json\/wp\/v2\/pages\/1362?sp_year=2026&amp;sp_month=3\" title=\"2026. m\u00e1rcius  \">&laquo; m\u00e1rc<\/a><\/td>\n\t\t<td class=\"pad\">&nbsp;<\/td>\n\t\t<td colspan=\"3\" id=\"next\" class=\"sp-next-month\"><a data-tooltip data-options=\"disable_for_touch:true\" class=\"has-tooltip tip-left\" href=\"\/new\/wp-json\/wp\/v2\/pages\/1362?sp_year=2026&amp;sp_month=5\" title=\"2026. m\u00e1jus  \">m\u00e1j &raquo;<\/a><\/td>\n<\/tr>\n<\/tfoot>\n\n<tbody>\n<tr>\n\t\t<td colspan=\"2\" class=\"pad\">&nbsp;<\/td><td>1<\/td><td>2<\/td><td>3<\/td><td>4<\/td><td>5<\/td>\n\t<\/tr>\n\t<tr>\n\t\t<td>6<\/td><td>7<\/td><td>8<\/td><td><a data-tooltip data-options=\"disable_for_touch:true\" class=\"has-tip\" href=\"http:\/\/szekacske.hu\/new\/event\/szekacs-ke-bacsalmasi-pvse\/\" title=\"Sz\u00e9k\u00e1cs KE &#8211; B\u00e1csalm\u00e1si PVSE @ 18:00\">9<\/a><\/td><td>10<\/td><td>11<\/td><td>12<\/td>\n\t<\/tr>\n\t<tr>\n\t\t<td>13<\/td><td>14<\/td><td><a data-tooltip data-options=\"disable_for_touch:true\" class=\"has-tip\" href=\"http:\/\/szekacske.hu\/new\/event\/tisza-volan-szeged-szekacs-ke-2\/\" title=\"Tisza Vol\u00e1n Szeged &#8211; Sz\u00e9k\u00e1cs KE @ 18:00\">15<\/a><\/td><td>16<\/td><td>17<\/td><td>18<\/td><td>19<\/td>\n\t<\/tr>\n\t<tr>\n\t\t<td>20<\/td><td>21<\/td><td>22<\/td><td>23<\/td><td>24<\/td><td><a data-tooltip data-options=\"disable_for_touch:true\" class=\"has-tip\" href=\"http:\/\/szekacske.hu\/new\/event\/bacska-szse-szekacs-ke\/\" title=\"B\u00e1cska SZSE &#8211; Sz\u00e9k\u00e1cs KE @ 16:00\">25<\/a><\/td><td id=\"today\" class=\"sp-highlight\">26<\/td>\n\t<\/tr>\n\t<tr>\n\t\t<td>27<\/td><td>28<\/td><td>29<\/td><td><a data-tooltip data-options=\"disable_for_touch:true\" class=\"has-tip\" href=\"http:\/\/szekacske.hu\/new\/2026\/04\/30\/?post_type=sp_event\" title=\"2 events\">30<\/a><\/td>\n\t\t<td class=\"pad\" colspan=\"3\">&nbsp;<\/td>\n\t<\/tr>\n\t<\/tbody>\n\t<\/table>\n\t<\/div><\/div>\n<\/div>\n","protected":false},"excerpt":{"rendered":"","protected":false},"author":3,"featured_media":0,"parent":0,"menu_order":0,"comment_status":"closed","ping_status":"closed","template":"","meta":{"footnotes":""},"class_list":["post-1362","page","type-page","status-publish","hentry"],"yoast_head":"<!-- This site is optimized with the Yoast SEO plugin v27.4 - https:\/\/yoast.com\/product\/yoast-seo-wordpress\/ -->\n<title>Meccsnapt\u00e1r 2025\/2026 - Sz\u00e9k\u00e1cs KE<\/title>\n<meta name=\"robots\" content=\"index, follow, max-snippet:-1, max-image-preview:large, max-video-preview:-1\" \/>\n<link rel=\"canonical\" href=\"http:\/\/szekacske.hu\/new\/meccsnaptar-2024-2025\/\" \/>\n<meta property=\"og:locale\" content=\"hu_HU\" \/>\n<meta property=\"og:type\" content=\"article\" \/>\n<meta property=\"og:title\" content=\"Meccsnapt\u00e1r 2025\/2026 - Sz\u00e9k\u00e1cs KE\" \/>\n<meta property=\"og:url\" content=\"http:\/\/szekacske.hu\/new\/meccsnaptar-2024-2025\/\" \/>\n<meta property=\"og:site_name\" content=\"Sz\u00e9k\u00e1cs KE\" \/>\n<meta property=\"article:modified_time\" content=\"2025-10-15T08:53:17+00:00\" \/>\n<meta property=\"og:image\" content=\"http:\/\/szekacske.hu\/new\/wp-content\/uploads\/2019\/09\/cropped-szekacske.png\" \/>\n\t<meta property=\"og:image:width\" content=\"512\" \/>\n\t<meta property=\"og:image:height\" content=\"512\" \/>\n\t<meta property=\"og:image:type\" content=\"image\/png\" \/>\n<meta name=\"twitter:card\" content=\"summary_large_image\" \/>\n<meta name=\"twitter:label1\" content=\"Becs\u00fclt olvas\u00e1si id\u0151\" \/>\n\t<meta name=\"twitter:data1\" content=\"1 perc\" \/>\n<script type=\"application\/ld+json\" class=\"yoast-schema-graph\">{\"@context\":\"https:\\\/\\\/schema.org\",\"@graph\":[{\"@type\":\"WebPage\",\"@id\":\"http:\\\/\\\/szekacske.hu\\\/new\\\/meccsnaptar-2024-2025\\\/\",\"url\":\"http:\\\/\\\/szekacske.hu\\\/new\\\/meccsnaptar-2024-2025\\\/\",\"name\":\"Meccsnapt\u00e1r 2025\\\/2026 - Sz\u00e9k\u00e1cs KE\",\"isPartOf\":{\"@id\":\"https:\\\/\\\/szekacske.hu\\\/new\\\/#website\"},\"datePublished\":\"2022-11-03T09:49:06+00:00\",\"dateModified\":\"2025-10-15T08:53:17+00:00\",\"breadcrumb\":{\"@id\":\"http:\\\/\\\/szekacske.hu\\\/new\\\/meccsnaptar-2024-2025\\\/#breadcrumb\"},\"inLanguage\":\"hu\",\"potentialAction\":[{\"@type\":\"ReadAction\",\"target\":[\"http:\\\/\\\/szekacske.hu\\\/new\\\/meccsnaptar-2024-2025\\\/\"]}]},{\"@type\":\"BreadcrumbList\",\"@id\":\"http:\\\/\\\/szekacske.hu\\\/new\\\/meccsnaptar-2024-2025\\\/#breadcrumb\",\"itemListElement\":[{\"@type\":\"ListItem\",\"position\":1,\"name\":\"Kezd\u0151lap\",\"item\":\"https:\\\/\\\/szekacske.hu\\\/new\\\/\"},{\"@type\":\"ListItem\",\"position\":2,\"name\":\"Meccsnapt\u00e1r 2025\\\/2026\"}]},{\"@type\":\"WebSite\",\"@id\":\"https:\\\/\\\/szekacske.hu\\\/new\\\/#website\",\"url\":\"https:\\\/\\\/szekacske.hu\\\/new\\\/\",\"name\":\"Sz\u00e9k\u00e1cs KE\",\"description\":\"T\u00f6r\u00f6kszentmikl\u00f3si Sz\u00e9k\u00e1cs KE hivatalos honlapja\",\"potentialAction\":[{\"@type\":\"SearchAction\",\"target\":{\"@type\":\"EntryPoint\",\"urlTemplate\":\"https:\\\/\\\/szekacske.hu\\\/new\\\/?s={search_term_string}\"},\"query-input\":{\"@type\":\"PropertyValueSpecification\",\"valueRequired\":true,\"valueName\":\"search_term_string\"}}],\"inLanguage\":\"hu\"}]}<\/script>\n<!-- \/ Yoast SEO plugin. -->","yoast_head_json":{"title":"Meccsnapt\u00e1r 2025\/2026 - Sz\u00e9k\u00e1cs KE","robots":{"index":"index","follow":"follow","max-snippet":"max-snippet:-1","max-image-preview":"max-image-preview:large","max-video-preview":"max-video-preview:-1"},"canonical":"http:\/\/szekacske.hu\/new\/meccsnaptar-2024-2025\/","og_locale":"hu_HU","og_type":"article","og_title":"Meccsnapt\u00e1r 2025\/2026 - Sz\u00e9k\u00e1cs KE","og_url":"http:\/\/szekacske.hu\/new\/meccsnaptar-2024-2025\/","og_site_name":"Sz\u00e9k\u00e1cs KE","article_modified_time":"2025-10-15T08:53:17+00:00","og_image":[{"width":512,"height":512,"url":"http:\/\/szekacske.hu\/new\/wp-content\/uploads\/2019\/09\/cropped-szekacske.png","type":"image\/png"}],"twitter_card":"summary_large_image","twitter_misc":{"Becs\u00fclt olvas\u00e1si id\u0151":"1 perc"},"schema":{"@context":"https:\/\/schema.org","@graph":[{"@type":"WebPage","@id":"http:\/\/szekacske.hu\/new\/meccsnaptar-2024-2025\/","url":"http:\/\/szekacske.hu\/new\/meccsnaptar-2024-2025\/","name":"Meccsnapt\u00e1r 2025\/2026 - Sz\u00e9k\u00e1cs KE","isPartOf":{"@id":"https:\/\/szekacske.hu\/new\/#website"},"datePublished":"2022-11-03T09:49:06+00:00","dateModified":"2025-10-15T08:53:17+00:00","breadcrumb":{"@id":"http:\/\/szekacske.hu\/new\/meccsnaptar-2024-2025\/#breadcrumb"},"inLanguage":"hu","potentialAction":[{"@type":"ReadAction","target":["http:\/\/szekacske.hu\/new\/meccsnaptar-2024-2025\/"]}]},{"@type":"BreadcrumbList","@id":"http:\/\/szekacske.hu\/new\/meccsnaptar-2024-2025\/#breadcrumb","itemListElement":[{"@type":"ListItem","position":1,"name":"Kezd\u0151lap","item":"https:\/\/szekacske.hu\/new\/"},{"@type":"ListItem","position":2,"name":"Meccsnapt\u00e1r 2025\/2026"}]},{"@type":"WebSite","@id":"https:\/\/szekacske.hu\/new\/#website","url":"https:\/\/szekacske.hu\/new\/","name":"Sz\u00e9k\u00e1cs KE","description":"T\u00f6r\u00f6kszentmikl\u00f3si Sz\u00e9k\u00e1cs KE hivatalos honlapja","potentialAction":[{"@type":"SearchAction","target":{"@type":"EntryPoint","urlTemplate":"https:\/\/szekacske.hu\/new\/?s={search_term_string}"},"query-input":{"@type":"PropertyValueSpecification","valueRequired":true,"valueName":"search_term_string"}}],"inLanguage":"hu"}]}},"_links":{"self":[{"href":"http:\/\/szekacske.hu\/new\/wp-json\/wp\/v2\/pages\/1362","targetHints":{"allow":["GET"]}}],"collection":[{"href":"http:\/\/szekacske.hu\/new\/wp-json\/wp\/v2\/pages"}],"about":[{"href":"http:\/\/szekacske.hu\/new\/wp-json\/wp\/v2\/types\/page"}],"author":[{"embeddable":true,"href":"http:\/\/szekacske.hu\/new\/wp-json\/wp\/v2\/users\/3"}],"replies":[{"embeddable":true,"href":"http:\/\/szekacske.hu\/new\/wp-json\/wp\/v2\/comments?post=1362"}],"version-history":[{"count":8,"href":"http:\/\/szekacske.hu\/new\/wp-json\/wp\/v2\/pages\/1362\/revisions"}],"predecessor-version":[{"id":3605,"href":"http:\/\/szekacske.hu\/new\/wp-json\/wp\/v2\/pages\/1362\/revisions\/3605"}],"wp:attachment":[{"href":"http:\/\/szekacske.hu\/new\/wp-json\/wp\/v2\/media?parent=1362"}],"curies":[{"name":"wp","href":"https:\/\/api.w.org\/{rel}","templated":true}]}}